{"id":4739,"date":"2025-11-18T16:21:16","date_gmt":"2025-11-18T15:21:16","guid":{"rendered":"https:\/\/pointcapital.ch\/?page_id=4739"},"modified":"2025-11-19T10:33:42","modified_gmt":"2025-11-19T09:33:42","slug":"pourquoi-point-capital","status":"publish","type":"page","link":"https:\/\/pointcapital.ch\/fr\/a-propos-de-nous\/pourquoi-point-capital\/","title":{"rendered":"Pourquoi Point Capital ?"},"content":{"rendered":"[vc_row type=\u00a0\u00bbin_container\u00a0\u00bb full_screen_row_position=\u00a0\u00bbmiddle\u00a0\u00bb column_margin=\u00a0\u00bbdefault\u00a0\u00bb column_direction=\u00a0\u00bbdefault\u00a0\u00bb column_direction_tablet=\u00a0\u00bbdefault\u00a0\u00bb column_direction_phone=\u00a0\u00bbdefault\u00a0\u00bb scene_position=\u00a0\u00bbcenter\u00a0\u00bb text_color=\u00a0\u00bbdark\u00a0\u00bb text_align=\u00a0\u00bbleft\u00a0\u00bb row_border_radius=\u00a0\u00bbnone\u00a0\u00bb row_border_radius_applies=\u00a0\u00bbbg\u00a0\u00bb overflow=\u00a0\u00bbvisible\u00a0\u00bb id=\u00a0\u00bbblog_scroll\u00a0\u00bb overlay_strength=\u00a0\u00bb0.3\u2033 gradient_direction=\u00a0\u00bbleft_to_right\u00a0\u00bb shape_divider_position=\u00a0\u00bbbottom\u00a0\u00bb bg_image_animation=\u00a0\u00bbnone\u00a0\u00bb shape_type=\u00a0\u00bb\u00a0\u00bb][vc_column column_padding=\u00a0\u00bbno-extra-padding\u00a0\u00bb column_padding_tablet=\u00a0\u00bbinherit\u00a0\u00bb column_padding_phone=\u00a0\u00bbinherit\u00a0\u00bb column_padding_position=\u00a0\u00bball\u00a0\u00bb column_element_direction_desktop=\u00a0\u00bbdefault\u00a0\u00bb column_element_spacing=\u00a0\u00bbdefault\u00a0\u00bb desktop_text_alignment=\u00a0\u00bbdefault\u00a0\u00bb tablet_text_alignment=\u00a0\u00bbdefault\u00a0\u00bb phone_text_alignment=\u00a0\u00bbdefault\u00a0\u00bb background_color_opacity=\u00a0\u00bb1\u2033 background_hover_color_opacity=\u00a0\u00bb1\u2033 column_backdrop_filter=\u00a0\u00bbnone\u00a0\u00bb column_shadow=\u00a0\u00bbnone\u00a0\u00bb column_border_radius=\u00a0\u00bbnone\u00a0\u00bb column_link_target=\u00a0\u00bb_self\u00a0\u00bb column_position=\u00a0\u00bbdefault\u00a0\u00bb gradient_direction=\u00a0\u00bbleft_to_right\u00a0\u00bb overlay_strength=\u00a0\u00bb0.3\u2033 width=\u00a0\u00bb1\/1\u2033 tablet_width_inherit=\u00a0\u00bbdefault\u00a0\u00bb animation_type=\u00a0\u00bbdefault\u00a0\u00bb bg_image_animation=\u00a0\u00bbnone\u00a0\u00bb border_type=\u00a0\u00bbsimple\u00a0\u00bb column_border_width=\u00a0\u00bbnone\u00a0\u00bb column_border_style=\u00a0\u00bbsolid\u00a0\u00bb][divider line_type=\u00a0\u00bbNo Line\u00a0\u00bb custom_height=\u00a0\u00bb40px\u00a0\u00bb][vc_column_text el_class=\u00a0\u00bbtitle-page-stylings\u00a0\u00bb]\n<h1 style=\"text-align: center;\">\u00c0 propos de nous<\/h1>\n<p style=\"text-align: center;\">Point Capital Group est une soci\u00e9t\u00e9 de gestion d'actifs ind\u00e9pendante dirig\u00e9e par son propri\u00e9taire<br \/>\n, bas\u00e9e \u00e0 Zurich et \u00e0 Zoug (r\u00e9glement\u00e9e par la FINMA). Nous investissons dans des actions d'entreprises durables de qualit\u00e9 et g\u00e9rons activement le portefeuille de nos clients. <\/p>\n<p style=\"text-align: center;\">Notre strat\u00e9gie d'investissement vous offre une double s\u00e9curit\u00e9 : parce que nous sommes co-investis et parce que nous avons d\u00e9velopp\u00e9 notre propre mod\u00e8le de couverture des risques. Notre strat\u00e9gie a fait ses preuves et ce n'est pas un hasard si elle fait partie de notre histoire fondatrice. <\/p>\n[\/vc_column_text][\/vc_column][\/vc_row][vc_row type=\u00a0\u00bbin_container\u00a0\u00bb full_screen_row_position=\u00a0\u00bbmiddle\u00a0\u00bb column_margin=\u00a0\u00bbdefault\u00a0\u00bb column_direction=\u00a0\u00bbdefault\u00a0\u00bb column_direction_tablet=\u00a0\u00bbdefault\u00a0\u00bb column_direction_phone=\u00a0\u00bbdefault\u00a0\u00bb scene_position=\u00a0\u00bbcenter\u00a0\u00bb text_color=\u00a0\u00bbdark\u00a0\u00bb text_align=\u00a0\u00bbleft\u00a0\u00bb row_border_radius=\u00a0\u00bbnone\u00a0\u00bb row_border_radius_applies=\u00a0\u00bbbg\u00a0\u00bb overflow=\u00a0\u00bbvisible\u00a0\u00bb disable_element=\u00a0\u00bbyes\u00a0\u00bb overlay_strength=\u00a0\u00bb0.3\u2033 gradient_direction=\u00a0\u00bbleft_to_right\u00a0\u00bb shape_divider_position=\u00a0\u00bbbottom\u00a0\u00bb bg_image_animation=\u00a0\u00bbnone\u00a0\u00bb gradient_type=\u00a0\u00bbdefault\u00a0\u00bb shape_type=\u00a0\u00bb\u00a0\u00bb][vc_column column_padding=\u00a0\u00bbno-extra-padding\u00a0\u00bb column_padding_tablet=\u00a0\u00bbinherit\u00a0\u00bb column_padding_phone=\u00a0\u00bbinherit\u00a0\u00bb column_padding_position=\u00a0\u00bball\u00a0\u00bb column_element_direction_desktop=\u00a0\u00bbdefault\u00a0\u00bb column_element_spacing=\u00a0\u00bbdefault\u00a0\u00bb desktop_text_alignment=\u00a0\u00bbdefault\u00a0\u00bb tablet_text_alignment=\u00a0\u00bbdefault\u00a0\u00bb phone_text_alignment=\u00a0\u00bbdefault\u00a0\u00bb background_color_opacity=\u00a0\u00bb1\u2033 background_hover_color_opacity=\u00a0\u00bb1\u2033 column_backdrop_filter=\u00a0\u00bbnone\u00a0\u00bb column_shadow=\u00a0\u00bbnone\u00a0\u00bb column_border_radius=\u00a0\u00bbnone\u00a0\u00bb column_link_target=\u00a0\u00bb_self\u00a0\u00bb column_position=\u00a0\u00bbdefault\u00a0\u00bb gradient_direction=\u00a0\u00bbleft_to_right\u00a0\u00bb overlay_strength=\u00a0\u00bb0.3\u2033 width=\u00a0\u00bb1\/1\u2033 tablet_width_inherit=\u00a0\u00bbdefault\u00a0\u00bb animation_type=\u00a0\u00bbdefault\u00a0\u00bb bg_image_animation=\u00a0\u00bbnone\u00a0\u00bb border_type=\u00a0\u00bbsimple\u00a0\u00bb column_border_width=\u00a0\u00bbnone\u00a0\u00bb column_border_style=\u00a0\u00bbsolid\u00a0\u00bb][divider line_type=\u00a0\u00bbNo Line\u00a0\u00bb custom_height=\u00a0\u00bb90px\u00a0\u00bb][vc_row_inner column_margin=\u00a0\u00bbdefault\u00a0\u00bb column_direction=\u00a0\u00bbdefault\u00a0\u00bb column_direction_tablet=\u00a0\u00bbdefault\u00a0\u00bb column_direction_phone=\u00a0\u00bbdefault\u00a0\u00bb text_align=\u00a0\u00bbleft\u00a0\u00bb row_position=\u00a0\u00bbdefault\u00a0\u00bb row_position_tablet=\u00a0\u00bbinherit\u00a0\u00bb row_position_phone=\u00a0\u00bbinherit\u00a0\u00bb overflow=\u00a0\u00bbvisible\u00a0\u00bb pointer_events=\u00a0\u00bball\u00a0\u00bb][vc_column_inner column_padding=\u00a0\u00bbno-extra-padding\u00a0\u00bb column_padding_tablet=\u00a0\u00bbinherit\u00a0\u00bb column_padding_phone=\u00a0\u00bbinherit\u00a0\u00bb column_padding_position=\u00a0\u00bball\u00a0\u00bb column_element_direction_desktop=\u00a0\u00bbdefault\u00a0\u00bb column_element_spacing=\u00a0\u00bbdefault\u00a0\u00bb desktop_text_alignment=\u00a0\u00bbdefault\u00a0\u00bb tablet_text_alignment=\u00a0\u00bbdefault\u00a0\u00bb phone_text_alignment=\u00a0\u00bbdefault\u00a0\u00bb background_color_opacity=\u00a0\u00bb1\u2033 background_hover_color_opacity=\u00a0\u00bb1\u2033 column_backdrop_filter=\u00a0\u00bbnone\u00a0\u00bb column_shadow=\u00a0\u00bbnone\u00a0\u00bb column_border_radius=\u00a0\u00bbnone\u00a0\u00bb column_link_target=\u00a0\u00bb_self\u00a0\u00bb overflow=\u00a0\u00bbvisible\u00a0\u00bb gradient_direction=\u00a0\u00bbleft_to_right\u00a0\u00bb overlay_strength=\u00a0\u00bb0.3\u2033 width=\u00a0\u00bb1\/3\u2033 tablet_width_inherit=\u00a0\u00bbdefault\u00a0\u00bb animation_type=\u00a0\u00bbdefault\u00a0\u00bb bg_image_animation=\u00a0\u00bbnone\u00a0\u00bb border_type=\u00a0\u00bbsimple\u00a0\u00bb column_border_width=\u00a0\u00bbnone\u00a0\u00bb column_border_style=\u00a0\u00bbsolid\u00a0\u00bb][image_with_animation image_url=\u00a0\u00bb335\u2033 image_size=\u00a0\u00bbfull\u00a0\u00bb animation_type=\u00a0\u00bbentrance\u00a0\u00bb animation=\u00a0\u00bbFade In\u00a0\u00bb animation_easing=\u00a0\u00bbdefault\u00a0\u00bb animation_movement_type=\u00a0\u00bbtransform_y\u00a0\u00bb hover_animation=\u00a0\u00bbnone\u00a0\u00bb alignment=\u00a0\u00bb\u00a0\u00bb border_radius=\u00a0\u00bbnone\u00a0\u00bb box_shadow=\u00a0\u00bbnone\u00a0\u00bb image_loading=\u00a0\u00bbdefault\u00a0\u00bb max_width=\u00a0\u00bb100{ff4a8e304af03f228700a3dbd06de1cae4a374f33f5020b79c08e757c6f95b38}\u00a0\u00bb][divider line_type=\u00a0\u00bbNo Line\u00a0\u00bb custom_height=\u00a0\u00bb5px\u00a0\u00bb][vc_custom_heading text=\u00a0\u00bbTitre du test\u00a0\u00bb font_container=\u00a0\u00bbtag:h3|text_align:left|color:{ff4a8e304af03f228700a3dbd06de1cae4a374f33f5020b79c08e757c6f95b38}23383532\u2033 use_theme_fonts=\u00a0\u00bbyes\u00a0\u00bb][divider line_type=\u00a0\u00bbNo Line\u00a0\u00bb custom_height=\u00a0\u00bb15px\u00a0\u00bb][vc_column_text]Voici un court texte d'accroche sur le contenu de cette rubrique, de pr\u00e9f\u00e9rence en deux ou trois lignes.Voici un court texte d'accroche sur le contenu de cette rubrique, de pr\u00e9f\u00e9rence en deux ou trois lignes.<\/p>\n<p>Voici un court texte d'accroche sur le contenu de cette rubrique, de pr\u00e9f\u00e9rence en deux ou trois lignes.Voici un court texte d'accroche sur le contenu de cette rubrique, de pr\u00e9f\u00e9rence en deux ou trois lignes.<\/p>\n<p>Voici un court texte d'accroche sur le contenu de cette rubrique, de pr\u00e9f\u00e9rence en deux ou trois lignes.Voici un court texte d'accroche sur le contenu de cette rubrique, de pr\u00e9f\u00e9rence en deux ou trois lignes.<\/p>\n<p>Voici un court texte d'accroche sur le contenu de cette rubrique, de pr\u00e9f\u00e9rence en deux ou trois lignes.Voici un court texte d'accroche sur le contenu de cette rubrique, de pr\u00e9f\u00e9rence en deux ou trois lignes.[\/vc_column_text][\/vc_column_inner][vc_column_inner column_padding=\u00a0\u00bbno-extra-padding\u00a0\u00bb column_padding_tablet=\u00a0\u00bbinherit\u00a0\u00bb column_padding_phone=\u00a0\u00bbinherit\u00a0\u00bb column_padding_position=\u00a0\u00bball\u00a0\u00bb column_element_direction_desktop=\u00a0\u00bbdefault\u00a0\u00bb column_element_spacing=\u00a0\u00bbdefault\u00a0\u00bb desktop_text_alignment=\u00a0\u00bbdefault\u00a0\u00bb tablet_text_alignment=\u00a0\u00bbdefault\u00a0\u00bb phone_text_alignment=\u00a0\u00bbdefault\u00a0\u00bb background_color_opacity=\u00a0\u00bb1\u2033 background_hover_color_opacity=\u00a0\u00bb1\u2033 column_backdrop_filter=\u00a0\u00bbnone\u00a0\u00bb column_shadow=\u00a0\u00bbnone\u00a0\u00bb column_border_radius=\u00a0\u00bbnone\u00a0\u00bb column_link_target=\u00a0\u00bb_self\u00a0\u00bb overflow=\u00a0\u00bbvisible\u00a0\u00bb gradient_direction=\u00a0\u00bbleft_to_right\u00a0\u00bb overlay_strength=\u00a0\u00bb0.3\u2033 width=\u00a0\u00bb1\/3\u2033 tablet_width_inherit=\u00a0\u00bbdefault\u00a0\u00bb animation_type=\u00a0\u00bbdefault\u00a0\u00bb bg_image_animation=\u00a0\u00bbnone\u00a0\u00bb border_type=\u00a0\u00bbsimple\u00a0\u00bb column_border_width=\u00a0\u00bbnone\u00a0\u00bb column_border_style=\u00a0\u00bbsolid\u00a0\u00bb][image_with_animation image_url=\u00a0\u00bb335\u2033 image_size=\u00a0\u00bbfull\u00a0\u00bb animation_type=\u00a0\u00bbentrance\u00a0\u00bb animation=\u00a0\u00bbFade In\u00a0\u00bb animation_easing=\u00a0\u00bbdefault\u00a0\u00bb animation_movement_type=\u00a0\u00bbtransform_y\u00a0\u00bb hover_animation=\u00a0\u00bbnone\u00a0\u00bb alignment=\u00a0\u00bb\u00a0\u00bb border_radius=\u00a0\u00bbnone\u00a0\u00bb box_shadow=\u00a0\u00bbnone\u00a0\u00bb image_loading=\u00a0\u00bbdefault\u00a0\u00bb max_width=\u00a0\u00bb100{ff4a8e304af03f228700a3dbd06de1cae4a374f33f5020b79c08e757c6f95b38}\u00a0\u00bb][divider line_type=\u00a0\u00bbNo Line\u00a0\u00bb custom_height=\u00a0\u00bb5px\u00a0\u00bb][vc_custom_heading text=\u00a0\u00bbTitre du test\u00a0\u00bb font_container=\u00a0\u00bbtag:h3|text_align:left|color:{ff4a8e304af03f228700a3dbd06de1cae4a374f33f5020b79c08e757c6f95b38}23383532\u2033 use_theme_fonts=\u00a0\u00bbyes\u00a0\u00bb][divider line_type=\u00a0\u00bbNo Line\u00a0\u00bb custom_height=\u00a0\u00bb15px\u00a0\u00bb][vc_column_text]Voici un court texte d'accroche sur le contenu de cette rubrique, de pr\u00e9f\u00e9rence en deux ou trois lignes.Voici un court texte d'accroche sur le contenu de cette rubrique, de pr\u00e9f\u00e9rence en deux ou trois lignes.<\/p>\n<p>Voici un court texte d'accroche sur le contenu de cette rubrique, de pr\u00e9f\u00e9rence en deux ou trois lignes.Voici un court texte d'accroche sur le contenu de cette rubrique, de pr\u00e9f\u00e9rence en deux ou trois lignes.<\/p>\n<p>Voici un court texte d'accroche sur le contenu de cette rubrique, de pr\u00e9f\u00e9rence en deux ou trois lignes.Voici un court texte d'accroche sur le contenu de cette rubrique, de pr\u00e9f\u00e9rence en deux ou trois lignes.<\/p>\n<p>Voici un court texte d'accroche sur le contenu de cette rubrique, de pr\u00e9f\u00e9rence en deux ou trois lignes.Voici un court texte d'accroche sur le contenu de cette rubrique, de pr\u00e9f\u00e9rence en deux ou trois lignes.[\/vc_column_text][\/vc_column_inner][vc_column_inner column_padding=\u00a0\u00bbno-extra-padding\u00a0\u00bb column_padding_tablet=\u00a0\u00bbinherit\u00a0\u00bb column_padding_phone=\u00a0\u00bbinherit\u00a0\u00bb column_padding_position=\u00a0\u00bball\u00a0\u00bb column_element_direction_desktop=\u00a0\u00bbdefault\u00a0\u00bb column_element_spacing=\u00a0\u00bbdefault\u00a0\u00bb desktop_text_alignment=\u00a0\u00bbdefault\u00a0\u00bb tablet_text_alignment=\u00a0\u00bbdefault\u00a0\u00bb phone_text_alignment=\u00a0\u00bbdefault\u00a0\u00bb background_color_opacity=\u00a0\u00bb1\u2033 background_hover_color_opacity=\u00a0\u00bb1\u2033 column_backdrop_filter=\u00a0\u00bbnone\u00a0\u00bb column_shadow=\u00a0\u00bbnone\u00a0\u00bb column_border_radius=\u00a0\u00bbnone\u00a0\u00bb column_link_target=\u00a0\u00bb_self\u00a0\u00bb overflow=\u00a0\u00bbvisible\u00a0\u00bb gradient_direction=\u00a0\u00bbleft_to_right\u00a0\u00bb overlay_strength=\u00a0\u00bb0.3\u2033 width=\u00a0\u00bb1\/3\u2033 tablet_width_inherit=\u00a0\u00bbdefault\u00a0\u00bb animation_type=\u00a0\u00bbdefault\u00a0\u00bb bg_image_animation=\u00a0\u00bbnone\u00a0\u00bb border_type=\u00a0\u00bbsimple\u00a0\u00bb column_border_width=\u00a0\u00bbnone\u00a0\u00bb column_border_style=\u00a0\u00bbsolid\u00a0\u00bb][image_with_animation image_url=\u00a0\u00bb335\u2033 image_size=\u00a0\u00bbfull\u00a0\u00bb animation_type=\u00a0\u00bbentrance\u00a0\u00bb animation=\u00a0\u00bbFade In\u00a0\u00bb animation_easing=\u00a0\u00bbdefault\u00a0\u00bb animation_movement_type=\u00a0\u00bbtransform_y\u00a0\u00bb hover_animation=\u00a0\u00bbnone\u00a0\u00bb alignment=\u00a0\u00bb\u00a0\u00bb border_radius=\u00a0\u00bbnone\u00a0\u00bb box_shadow=\u00a0\u00bbnone\u00a0\u00bb image_loading=\u00a0\u00bbdefault\u00a0\u00bb max_width=\u00a0\u00bb100{ff4a8e304af03f228700a3dbd06de1cae4a374f33f5020b79c08e757c6f95b38}\u00a0\u00bb][divider line_type=\u00a0\u00bbNo Line\u00a0\u00bb custom_height=\u00a0\u00bb5px\u00a0\u00bb][vc_custom_heading text=\u00a0\u00bbTitre du test\u00a0\u00bb font_container=\u00a0\u00bbtag:h3|text_align:left|color:{ff4a8e304af03f228700a3dbd06de1cae4a374f33f5020b79c08e757c6f95b38}23383532\u2033 use_theme_fonts=\u00a0\u00bbyes\u00a0\u00bb][divider line_type=\u00a0\u00bbNo Line\u00a0\u00bb custom_height=\u00a0\u00bb15px\u00a0\u00bb][vc_column_text]Voici un court texte d'accroche sur le contenu de cette rubrique, de pr\u00e9f\u00e9rence en deux ou trois lignes.Voici un court texte d'accroche sur le contenu de cette rubrique, de pr\u00e9f\u00e9rence en deux ou trois lignes.<\/p>\n<p>Voici un court texte d'accroche sur le contenu de cette rubrique, de pr\u00e9f\u00e9rence en deux ou trois lignes.Voici un court texte d'accroche sur le contenu de cette rubrique, de pr\u00e9f\u00e9rence en deux ou trois lignes.<\/p>\n<p>Voici un court texte d'accroche sur le contenu de cette rubrique, de pr\u00e9f\u00e9rence en deux ou trois lignes.Voici un court texte d'accroche sur le contenu de cette rubrique, de pr\u00e9f\u00e9rence en deux ou trois lignes.<\/p>\n<p>Voici un court texte d'accroche sur le contenu de cette rubrique, de pr\u00e9f\u00e9rence en deux ou trois lignes.Voici un court texte d'accroche sur le contenu de cette rubrique, de pr\u00e9f\u00e9rence en deux ou trois lignes.[\/vc_column_text][\/vc_column_inner][\/vc_row_inner][divider line_type=\u00a0\u00bbNo Line\u00a0\u00bb custom_height=\u00a0\u00bb55px\u00a0\u00bb][\/vc_column][\/vc_row]\n","protected":false},"excerpt":{"rendered":"<p>[vc_row type=\u00a0\u00bbin_container\u00a0\u00bb full_screen_row_position=\u00a0\u00bbmiddle\u00a0\u00bb column_margin=\u00a0\u00bbdefault\u00a0\u00bb column_direction=\u00a0\u00bbdefault\u00a0\u00bb column_direction_tablet=\u00a0\u00bbdefault\u00a0\u00bb column_direction_phone=\u00a0\u00bbdefault\u00a0\u00bb scene_position=\u00a0\u00bbcenter\u00a0\u00bb text_color=\u00a0\u00bbdark\u00a0\u00bb text_align=\u00a0\u00bbleft\u00a0\u00bb row_border_radius=\u00a0\u00bbnone\u00a0\u00bb row_border_radius_applies=\u00a0\u00bbbg\u00a0\u00bb overflow=\u00a0\u00bbvisible\u00a0\u00bb id=\u00a0\u00bbblog_scroll\u00a0\u00bb overlay_strength=\u00a0\u00bb0.3\u2033 gradient_direction=\u00a0\u00bbleft_to_right\u00a0\u00bb shape_divider_position=\u00a0\u00bbbottom\u00a0\u00bb bg_image_animation=\u00a0\u00bbnone\u00a0\u00bb shape_type=\u00a0\u00bb\u00a0\u00bb][vc_column column_padding=\u00a0\u00bbno-extra-padding\u00a0\u00bb column_padding_tablet=\u00a0\u00bbinherit\u00a0\u00bb column_padding_phone=\u00a0\u00bbinherit\u00a0\u00bb column_padding_position=\u00a0\u00bball\u00a0\u00bb column_element_direction_desktop=\u00a0\u00bbdefault\u00a0\u00bb column_element_spacing=\u00a0\u00bbdefault\u00a0\u00bb desktop_text_alignment=\u00a0\u00bbdefault\u00a0\u00bb tablet_text_alignment=\u00a0\u00bbdefault\u00a0\u00bb phone_text_alignment=\u00a0\u00bbdefault\u00a0\u00bb background_color_opacity=\u00a0\u00bb1\u2033 background_hover_color_opacity=\u00a0\u00bb1\u2033\u2026<\/p>\n","protected":false},"author":1,"featured_media":0,"parent":4917,"menu_order":0,"comment_status":"closed","ping_status":"closed","template":"","meta":{"_acf_changed":false,"inline_featured_image":false,"footnotes":"","_links_to":"","_links_to_target":""},"class_list":["post-4739","page","type-page","status-publish"],"acf":[],"_links":{"self":[{"href":"https:\/\/pointcapital.ch\/fr\/wp-json\/wp\/v2\/pages\/4739","targetHints":{"allow":["GET"]}}],"collection":[{"href":"https:\/\/pointcapital.ch\/fr\/wp-json\/wp\/v2\/pages"}],"about":[{"href":"https:\/\/pointcapital.ch\/fr\/wp-json\/wp\/v2\/types\/page"}],"author":[{"embeddable":true,"href":"https:\/\/pointcapital.ch\/fr\/wp-json\/wp\/v2\/users\/1"}],"replies":[{"embeddable":true,"href":"https:\/\/pointcapital.ch\/fr\/wp-json\/wp\/v2\/comments?post=4739"}],"version-history":[{"count":12,"href":"https:\/\/pointcapital.ch\/fr\/wp-json\/wp\/v2\/pages\/4739\/revisions"}],"predecessor-version":[{"id":5386,"href":"https:\/\/pointcapital.ch\/fr\/wp-json\/wp\/v2\/pages\/4739\/revisions\/5386"}],"up":[{"embeddable":true,"href":"https:\/\/pointcapital.ch\/fr\/wp-json\/wp\/v2\/pages\/4917"}],"wp:attachment":[{"href":"https:\/\/pointcapital.ch\/fr\/wp-json\/wp\/v2\/media?parent=4739"}],"curies":[{"name":"wp","href":"https:\/\/api.w.org\/{rel}","templated":true}]}}