{"id":4897,"date":"2021-03-09T09:29:32","date_gmt":"2021-03-09T08:29:32","guid":{"rendered":"https:\/\/pointcapital.ch\/investisseurs-prives\/service\/"},"modified":"2025-11-26T12:58:52","modified_gmt":"2025-11-26T11:58:52","slug":"service","status":"publish","type":"page","link":"https:\/\/pointcapital.ch\/fr\/investisseurs-prives\/service\/","title":{"rendered":"Service"},"content":{"rendered":"[vc_row type=\u00a0\u00bbin_container\u00a0\u00bb full_screen_row_position=\u00a0\u00bbmiddle\u00a0\u00bb column_margin=\u00a0\u00bbdefault\u00a0\u00bb column_direction=\u00a0\u00bbdefault\u00a0\u00bb column_direction_tablet=\u00a0\u00bbdefault\u00a0\u00bb column_direction_phone=\u00a0\u00bbdefault\u00a0\u00bb scene_position=\u00a0\u00bbcenter\u00a0\u00bb text_color=\u00a0\u00bbdark\u00a0\u00bb text_align=\u00a0\u00bbleft\u00a0\u00bb row_border_radius=\u00a0\u00bbnone\u00a0\u00bb row_border_radius_applies=\u00a0\u00bbbg\u00a0\u00bb overflow=\u00a0\u00bbvisible\u00a0\u00bb id=\u00a0\u00bbblog_scroll\u00a0\u00bb overlay_strength=\u00a0\u00bb0.3\u2033 gradient_direction=\u00a0\u00bbleft_to_right\u00a0\u00bb shape_divider_position=\u00a0\u00bbbottom\u00a0\u00bb bg_image_animation=\u00a0\u00bbnone\u00a0\u00bb shape_type=\u00a0\u00bb\u00a0\u00bb][vc_column column_padding=\u00a0\u00bbno-extra-padding\u00a0\u00bb column_padding_tablet=\u00a0\u00bbinherit\u00a0\u00bb column_padding_phone=\u00a0\u00bbinherit\u00a0\u00bb column_padding_position=\u00a0\u00bball\u00a0\u00bb column_element_direction_desktop=\u00a0\u00bbdefault\u00a0\u00bb column_element_spacing=\u00a0\u00bbdefault\u00a0\u00bb desktop_text_alignment=\u00a0\u00bbdefault\u00a0\u00bb tablet_text_alignment=\u00a0\u00bbdefault\u00a0\u00bb phone_text_alignment=\u00a0\u00bbdefault\u00a0\u00bb background_color_opacity=\u00a0\u00bb1\u2033 background_hover_color_opacity=\u00a0\u00bb1\u2033 column_backdrop_filter=\u00a0\u00bbnone\u00a0\u00bb column_shadow=\u00a0\u00bbnone\u00a0\u00bb column_border_radius=\u00a0\u00bbnone\u00a0\u00bb column_link_target=\u00a0\u00bb_self\u00a0\u00bb column_position=\u00a0\u00bbdefault\u00a0\u00bb gradient_direction=\u00a0\u00bbleft_to_right\u00a0\u00bb overlay_strength=\u00a0\u00bb0.3\u2033 width=\u00a0\u00bb1\/1\u2033 tablet_width_inherit=\u00a0\u00bbdefault\u00a0\u00bb animation_type=\u00a0\u00bbdefault\u00a0\u00bb bg_image_animation=\u00a0\u00bbnone\u00a0\u00bb border_type=\u00a0\u00bbsimple\u00a0\u00bb column_border_width=\u00a0\u00bbnone\u00a0\u00bb column_border_style=\u00a0\u00bbsolid\u00a0\u00bb][divider line_type=\u00a0\u00bbNo Line\u00a0\u00bb custom_height=\u00a0\u00bb40px\u00a0\u00bb][vc_column_text css=\u00a0\u00bb\u00a0\u00bb el_class=\u00a0\u00bbtitle-page-stylings\u00a0\u00bb text_direction=\u00a0\u00bbdefault\u00a0\u00bb]\n<h1 style=\"text-align: center;\">Service<\/h1>\n<p style=\"text-align: center;\">Calcul de rendement, analyse de portefeuille et divers guides : vous trouverez ici les bons outils et toutes les informations n\u00e9cessaires pour \u00e9valuer vos chances personnelles en bourse.<\/p>\n[\/vc_column_text][\/vc_column][\/vc_row][vc_row type=\u00a0\u00bbin_container\u00a0\u00bb full_screen_row_position=\u00a0\u00bbmiddle\u00a0\u00bb column_margin=\u00a0\u00bbdefault\u00a0\u00bb column_direction=\u00a0\u00bbdefault\u00a0\u00bb column_direction_tablet=\u00a0\u00bbdefault\u00a0\u00bb column_direction_phone=\u00a0\u00bbdefault\u00a0\u00bb scene_position=\u00a0\u00bbcenter\u00a0\u00bb text_color=\u00a0\u00bbdark\u00a0\u00bb text_align=\u00a0\u00bbleft\u00a0\u00bb row_border_radius=\u00a0\u00bbnone\u00a0\u00bb row_border_radius_applies=\u00a0\u00bbbg\u00a0\u00bb overflow=\u00a0\u00bbvisible\u00a0\u00bb class=\u00a0\u00bbblogarea-row-wrapper\u00a0\u00bb overlay_strength=\u00a0\u00bb0.3\u2033 gradient_direction=\u00a0\u00bbleft_to_right\u00a0\u00bb shape_divider_position=\u00a0\u00bbbottom\u00a0\u00bb bg_image_animation=\u00a0\u00bbnone\u00a0\u00bb shape_type=\u00a0\u00bb\u00a0\u00bb][vc_column column_padding=\u00a0\u00bbno-extra-padding\u00a0\u00bb column_padding_tablet=\u00a0\u00bbinherit\u00a0\u00bb column_padding_phone=\u00a0\u00bbinherit\u00a0\u00bb column_padding_position=\u00a0\u00bball\u00a0\u00bb column_element_direction_desktop=\u00a0\u00bbdefault\u00a0\u00bb column_element_spacing=\u00a0\u00bbdefault\u00a0\u00bb desktop_text_alignment=\u00a0\u00bbdefault\u00a0\u00bb tablet_text_alignment=\u00a0\u00bbdefault\u00a0\u00bb phone_text_alignment=\u00a0\u00bbdefault\u00a0\u00bb background_color_opacity=\u00a0\u00bb1\u2033 background_hover_color_opacity=\u00a0\u00bb1\u2033 column_backdrop_filter=\u00a0\u00bbnone\u00a0\u00bb column_shadow=\u00a0\u00bbnone\u00a0\u00bb column_border_radius=\u00a0\u00bbnone\u00a0\u00bb column_link_target=\u00a0\u00bb_self\u00a0\u00bb column_position=\u00a0\u00bbdefault\u00a0\u00bb gradient_direction=\u00a0\u00bbleft_to_right\u00a0\u00bb overlay_strength=\u00a0\u00bb0.3\u2033 width=\u00a0\u00bb1\/1\u2033 tablet_width_inherit=\u00a0\u00bbdefault\u00a0\u00bb animation_type=\u00a0\u00bbdefault\u00a0\u00bb bg_image_animation=\u00a0\u00bbnone\u00a0\u00bb border_type=\u00a0\u00bbsimple\u00a0\u00bb column_border_width=\u00a0\u00bbnone\u00a0\u00bb column_border_style=\u00a0\u00bbsolid\u00a0\u00bb][vc_row_inner column_margin=\u00a0\u00bbdefault\u00a0\u00bb column_direction=\u00a0\u00bbdefault\u00a0\u00bb column_direction_tablet=\u00a0\u00bbdefault\u00a0\u00bb column_direction_phone=\u00a0\u00bbdefault\u00a0\u00bb text_align=\u00a0\u00bbleft\u00a0\u00bb row_position=\u00a0\u00bbdefault\u00a0\u00bb row_position_tablet=\u00a0\u00bbinherit\u00a0\u00bb row_position_phone=\u00a0\u00bbinherit\u00a0\u00bb overflow=\u00a0\u00bbvisible\u00a0\u00bb pointer_events=\u00a0\u00bball\u00a0\u00bb][vc_column_inner column_padding=\u00a0\u00bbno-extra-padding\u00a0\u00bb column_padding_tablet=\u00a0\u00bbinherit\u00a0\u00bb column_padding_phone=\u00a0\u00bbinherit\u00a0\u00bb column_padding_position=\u00a0\u00bball\u00a0\u00bb column_element_direction_desktop=\u00a0\u00bbdefault\u00a0\u00bb column_element_spacing=\u00a0\u00bbdefault\u00a0\u00bb desktop_text_alignment=\u00a0\u00bbdefault\u00a0\u00bb tablet_text_alignment=\u00a0\u00bbdefault\u00a0\u00bb phone_text_alignment=\u00a0\u00bbdefault\u00a0\u00bb background_color_opacity=\u00a0\u00bb1\u2033 background_hover_color_opacity=\u00a0\u00bb1\u2033 column_backdrop_filter=\u00a0\u00bbnone\u00a0\u00bb column_shadow=\u00a0\u00bbnone\u00a0\u00bb column_border_radius=\u00a0\u00bbnone\u00a0\u00bb column_link_target=\u00a0\u00bb_self\u00a0\u00bb overflow=\u00a0\u00bbvisible\u00a0\u00bb gradient_direction=\u00a0\u00bbleft_to_right\u00a0\u00bb overlay_strength=\u00a0\u00bb0.3\u2033 width=\u00a0\u00bb1\/2\u2033 tablet_width_inherit=\u00a0\u00bbdefault\u00a0\u00bb animation_type=\u00a0\u00bbdefault\u00a0\u00bb bg_image_animation=\u00a0\u00bbnone\u00a0\u00bb border_type=\u00a0\u00bbsimple\u00a0\u00bb column_border_width=\u00a0\u00bbnone\u00a0\u00bb column_border_style=\u00a0\u00bbsolid\u00a0\u00bb]<div class=\"vc_row-fluid blogarea-row\"><div class=\"blogarea-item post-item no-img\"><div class=\"post-item-body\"><div class=\"blogarea-post-category\">Investisseurs priv\u00e9s<span class=\"cat-comma\">, <\/span><\/div><p class=\"blogarea-post-title\">Analyse gratuite du portefeuille<\/p><div class=\"blogarea-post-content\">Chaque portefeuille d'actions doit \u00eatre contr\u00f4l\u00e9 r\u00e9guli\u00e8rement et ajust\u00e9 si n\u00e9cessaire. Cela permet d'\u00e9viter les erreurs d'investissement. Profitez de la possibilit\u00e9 d'une analyse professionnelle de votre d\u00e9p\u00f4t (valeur CHF 400 \/ EUR 350) - gratuite pour vous.    <\/div><a href=\"https:\/\/pointcapital.ch\/fr\/analyse-gratuite-du-portefeuille\/\" class=\"post-link\"><img decoding=\"async\" src=\"https:\/\/pointcapital.ch\/wp-content\/themes\/salient-child\/img\/arrow-btn-red.svg\" \/> En savoir plus<\/a><\/div><\/div><\/div>[\/vc_column_inner][vc_column_inner column_padding=\u00a0\u00bbno-extra-padding\u00a0\u00bb column_padding_tablet=\u00a0\u00bbinherit\u00a0\u00bb column_padding_phone=\u00a0\u00bbinherit\u00a0\u00bb column_padding_position=\u00a0\u00bball\u00a0\u00bb column_element_direction_desktop=\u00a0\u00bbdefault\u00a0\u00bb column_element_spacing=\u00a0\u00bbdefault\u00a0\u00bb desktop_text_alignment=\u00a0\u00bbdefault\u00a0\u00bb tablet_text_alignment=\u00a0\u00bbdefault\u00a0\u00bb phone_text_alignment=\u00a0\u00bbdefault\u00a0\u00bb background_color_opacity=\u00a0\u00bb1\u2033 background_hover_color_opacity=\u00a0\u00bb1\u2033 column_backdrop_filter=\u00a0\u00bbnone\u00a0\u00bb column_shadow=\u00a0\u00bbnone\u00a0\u00bb column_border_radius=\u00a0\u00bbnone\u00a0\u00bb column_link_target=\u00a0\u00bb_self\u00a0\u00bb overflow=\u00a0\u00bbvisible\u00a0\u00bb gradient_direction=\u00a0\u00bbleft_to_right\u00a0\u00bb overlay_strength=\u00a0\u00bb0.3\u2033 width=\u00a0\u00bb1\/2\u2033 tablet_width_inherit=\u00a0\u00bbdefault\u00a0\u00bb animation_type=\u00a0\u00bbdefault\u00a0\u00bb bg_image_animation=\u00a0\u00bbnone\u00a0\u00bb border_type=\u00a0\u00bbsimple\u00a0\u00bb column_border_width=\u00a0\u00bbnone\u00a0\u00bb column_border_style=\u00a0\u00bbsolid\u00a0\u00bb]<div class=\"vc_row-fluid blogarea-row\"><div class=\"blogarea-item post-item has-image\"><a href=\"https:\/\/pointcapital.ch\/fr\/les-erreurs-les-plus-frequentes-des-investisseurs\/\"><div class=\"blogarea-img-wrapper\"><div class=\"blogarea-post-image\" ><img decoding=\"async\" width=\"612\" height=\"408\" src=\"https:\/\/pointcapital.ch\/wp-content\/uploads\/2021\/03\/istockphoto-1263543096-612x612-1.jpg\" class=\"attachment-large size-large wp-post-image\" alt=\"Anleger am PC erkennt seine Fehler\" srcset=\"https:\/\/pointcapital.ch\/wp-content\/uploads\/2021\/03\/istockphoto-1263543096-612x612-1.jpg 612w, https:\/\/pointcapital.ch\/wp-content\/uploads\/2021\/03\/istockphoto-1263543096-612x612-1-300x200.jpg 300w\" sizes=\"(max-width: 612px) 100vw, 612px\" \/><\/div><\/div><\/a><div class=\"post-item-body\"><div class=\"blogarea-post-category\">Strat\u00e9gie d'investissement<span class=\"cat-comma\">, <\/span><\/div><p class=\"blogarea-post-title\">Les erreurs les plus fr\u00e9quentes des investisseurs<\/p><div class=\"blogarea-post-content\">Les investisseurs commettent r\u00e9guli\u00e8rement des erreurs tr\u00e8s typiques. Cela peut co\u00fbter cher. Voici comment \u00e9viter les erreurs les plus courantes en bourse.    <\/div><a href=\"https:\/\/pointcapital.ch\/fr\/les-erreurs-les-plus-frequentes-des-investisseurs\/\" class=\"post-link\"><img decoding=\"async\" src=\"https:\/\/pointcapital.ch\/wp-content\/themes\/salient-child\/img\/arrow-btn-red.svg\" \/> En savoir plus<\/a><\/div><\/div><\/div>[\/vc_column_inner][\/vc_row_inner][vc_row_inner column_margin=\u00a0\u00bbdefault\u00a0\u00bb column_direction=\u00a0\u00bbdefault\u00a0\u00bb column_direction_tablet=\u00a0\u00bbdefault\u00a0\u00bb column_direction_phone=\u00a0\u00bbdefault\u00a0\u00bb text_align=\u00a0\u00bbleft\u00a0\u00bb row_position=\u00a0\u00bbdefault\u00a0\u00bb row_position_tablet=\u00a0\u00bbinherit\u00a0\u00bb row_position_phone=\u00a0\u00bbinherit\u00a0\u00bb overflow=\u00a0\u00bbvisible\u00a0\u00bb pointer_events=\u00a0\u00bball\u00a0\u00bb][vc_column_inner column_padding=\u00a0\u00bbno-extra-padding\u00a0\u00bb column_padding_tablet=\u00a0\u00bbinherit\u00a0\u00bb column_padding_phone=\u00a0\u00bbinherit\u00a0\u00bb column_padding_position=\u00a0\u00bball\u00a0\u00bb column_element_direction_desktop=\u00a0\u00bbdefault\u00a0\u00bb column_element_spacing=\u00a0\u00bbdefault\u00a0\u00bb desktop_text_alignment=\u00a0\u00bbdefault\u00a0\u00bb tablet_text_alignment=\u00a0\u00bbdefault\u00a0\u00bb phone_text_alignment=\u00a0\u00bbdefault\u00a0\u00bb background_color_opacity=\u00a0\u00bb1\u2033 background_hover_color_opacity=\u00a0\u00bb1\u2033 column_backdrop_filter=\u00a0\u00bbnone\u00a0\u00bb column_shadow=\u00a0\u00bbnone\u00a0\u00bb column_border_radius=\u00a0\u00bbnone\u00a0\u00bb column_link_target=\u00a0\u00bb_self\u00a0\u00bb overflow=\u00a0\u00bbvisible\u00a0\u00bb gradient_direction=\u00a0\u00bbleft_to_right\u00a0\u00bb overlay_strength=\u00a0\u00bb0.3\u2033 width=\u00a0\u00bb1\/1\u2033 tablet_width_inherit=\u00a0\u00bbdefault\u00a0\u00bb animation_type=\u00a0\u00bbdefault\u00a0\u00bb bg_image_animation=\u00a0\u00bbnone\u00a0\u00bb border_type=\u00a0\u00bbsimple\u00a0\u00bb column_border_width=\u00a0\u00bbnone\u00a0\u00bb column_border_style=\u00a0\u00bbsolid\u00a0\u00bb]<div class=\"vc_row-fluid blogarea-row\"><div class=\"blogarea-item post-item no-img\"><div class=\"post-item-body\"><div class=\"blogarea-post-category\">Strat\u00e9gie d'investissement<span class=\"cat-comma\">, <\/span><\/div><p class=\"blogarea-post-title\">Nos services<\/p><div class=\"blogarea-post-content\">Nous vous permettons de consacrer plus de temps \u00e0 ce qui est important pour vous. Vous avez le dos libre, nous gardons une vue d\\'ensemble et nous nous effor\u00e7ons chaque jour d\\'obtenir le meilleur rendement pour vous. Ce que nous faisons pour nos clients est illustr\u00e9 dans cet aper\u00e7u : six \u00e9tapes pour r\u00e9ussir vos investissements.    <\/div><a href=\"https:\/\/pointcapital.ch\/fr\/nos-services\/\" class=\"post-link\"><img decoding=\"async\" src=\"https:\/\/pointcapital.ch\/wp-content\/themes\/salient-child\/img\/arrow-btn-red.svg\" \/> En savoir plus<\/a><\/div><\/div><\/div>[\/vc_column_inner][\/vc_row_inner][vc_row_inner column_margin=\u00a0\u00bbdefault\u00a0\u00bb column_direction=\u00a0\u00bbdefault\u00a0\u00bb column_direction_tablet=\u00a0\u00bbdefault\u00a0\u00bb column_direction_phone=\u00a0\u00bbdefault\u00a0\u00bb text_align=\u00a0\u00bbleft\u00a0\u00bb row_position=\u00a0\u00bbdefault\u00a0\u00bb row_position_tablet=\u00a0\u00bbinherit\u00a0\u00bb row_position_phone=\u00a0\u00bbinherit\u00a0\u00bb overflow=\u00a0\u00bbvisible\u00a0\u00bb pointer_events=\u00a0\u00bball\u00a0\u00bb][vc_column_inner column_padding=\u00a0\u00bbno-extra-padding\u00a0\u00bb column_padding_tablet=\u00a0\u00bbinherit\u00a0\u00bb column_padding_phone=\u00a0\u00bbinherit\u00a0\u00bb column_padding_position=\u00a0\u00bball\u00a0\u00bb column_element_direction_desktop=\u00a0\u00bbdefault\u00a0\u00bb column_element_spacing=\u00a0\u00bbdefault\u00a0\u00bb desktop_text_alignment=\u00a0\u00bbdefault\u00a0\u00bb tablet_text_alignment=\u00a0\u00bbdefault\u00a0\u00bb phone_text_alignment=\u00a0\u00bbdefault\u00a0\u00bb background_color_opacity=\u00a0\u00bb1\u2033 background_hover_color_opacity=\u00a0\u00bb1\u2033 column_backdrop_filter=\u00a0\u00bbnone\u00a0\u00bb column_shadow=\u00a0\u00bbnone\u00a0\u00bb column_border_radius=\u00a0\u00bbnone\u00a0\u00bb column_link_target=\u00a0\u00bb_self\u00a0\u00bb overflow=\u00a0\u00bbvisible\u00a0\u00bb gradient_direction=\u00a0\u00bbleft_to_right\u00a0\u00bb overlay_strength=\u00a0\u00bb0.3\u2033 width=\u00a0\u00bb1\/2\u2033 tablet_width_inherit=\u00a0\u00bbdefault\u00a0\u00bb animation_type=\u00a0\u00bbdefault\u00a0\u00bb bg_image_animation=\u00a0\u00bbnone\u00a0\u00bb border_type=\u00a0\u00bbsimple\u00a0\u00bb column_border_width=\u00a0\u00bbnone\u00a0\u00bb column_border_style=\u00a0\u00bbsolid\u00a0\u00bb]<div class=\"vc_row-fluid blogarea-row\"><div class=\"blogarea-item post-item no-img\"><div class=\"post-item-body\"><div class=\"blogarea-post-category\">Strat\u00e9gie d'investissement<span class=\"cat-comma\">, <\/span><\/div><p class=\"blogarea-post-title\">Nos services<\/p><div class=\"blogarea-post-content\">Nous vous permettons de consacrer plus de temps \u00e0 ce qui est important pour vous. Vous avez le dos libre, nous gardons une vue d\\'ensemble et nous nous effor\u00e7ons chaque jour d\\'obtenir le meilleur rendement pour vous. Ce que nous faisons pour nos clients est illustr\u00e9 dans cet aper\u00e7u : six \u00e9tapes pour r\u00e9ussir vos investissements.    <\/div><a href=\"https:\/\/pointcapital.ch\/fr\/nos-services\/\" class=\"post-link\"><img decoding=\"async\" src=\"https:\/\/pointcapital.ch\/wp-content\/themes\/salient-child\/img\/arrow-btn-red.svg\" \/> En savoir plus<\/a><\/div><\/div><\/div>[\/vc_column_inner][vc_column_inner column_padding=\u00a0\u00bbno-extra-padding\u00a0\u00bb column_padding_tablet=\u00a0\u00bbinherit\u00a0\u00bb column_padding_phone=\u00a0\u00bbinherit\u00a0\u00bb column_padding_position=\u00a0\u00bball\u00a0\u00bb column_element_direction_desktop=\u00a0\u00bbdefault\u00a0\u00bb column_element_spacing=\u00a0\u00bbdefault\u00a0\u00bb desktop_text_alignment=\u00a0\u00bbdefault\u00a0\u00bb tablet_text_alignment=\u00a0\u00bbdefault\u00a0\u00bb phone_text_alignment=\u00a0\u00bbdefault\u00a0\u00bb background_color_opacity=\u00a0\u00bb1\u2033 background_hover_color_opacity=\u00a0\u00bb1\u2033 column_backdrop_filter=\u00a0\u00bbnone\u00a0\u00bb column_shadow=\u00a0\u00bbnone\u00a0\u00bb column_border_radius=\u00a0\u00bbnone\u00a0\u00bb column_link_target=\u00a0\u00bb_self\u00a0\u00bb overflow=\u00a0\u00bbvisible\u00a0\u00bb gradient_direction=\u00a0\u00bbleft_to_right\u00a0\u00bb overlay_strength=\u00a0\u00bb0.3\u2033 width=\u00a0\u00bb1\/2\u2033 tablet_width_inherit=\u00a0\u00bbdefault\u00a0\u00bb animation_type=\u00a0\u00bbdefault\u00a0\u00bb bg_image_animation=\u00a0\u00bbnone\u00a0\u00bb border_type=\u00a0\u00bbsimple\u00a0\u00bb column_border_width=\u00a0\u00bbnone\u00a0\u00bb column_border_style=\u00a0\u00bbsolid\u00a0\u00bb]<div class=\"vc_row-fluid blogarea-row\"><div class=\"blogarea-item post-item has-image\"><a href=\"https:\/\/pointcapital.ch\/fr\/votre-rendement\/\"><div class=\"blogarea-img-wrapper\"><div class=\"blogarea-post-image\" ><img decoding=\"async\" width=\"1024\" height=\"533\" src=\"https:\/\/pointcapital.ch\/wp-content\/uploads\/2021\/03\/PCG_Artikel_Ihre_Rendite-1024x533.jpg\" class=\"attachment-large size-large wp-post-image\" alt=\"Bild einer Person mit einem Rechner bei sch\u00f6nem Sonnenlicht\" srcset=\"https:\/\/pointcapital.ch\/wp-content\/uploads\/2021\/03\/PCG_Artikel_Ihre_Rendite-1024x533.jpg 1024w, https:\/\/pointcapital.ch\/wp-content\/uploads\/2021\/03\/PCG_Artikel_Ihre_Rendite-300x156.jpg 300w, https:\/\/pointcapital.ch\/wp-content\/uploads\/2021\/03\/PCG_Artikel_Ihre_Rendite-768x400.jpg 768w, https:\/\/pointcapital.ch\/wp-content\/uploads\/2021\/03\/PCG_Artikel_Ihre_Rendite-1536x800.jpg 1536w, https:\/\/pointcapital.ch\/wp-content\/uploads\/2021\/03\/PCG_Artikel_Ihre_Rendite.jpg 1920w\" sizes=\"(max-width: 1024px) 100vw, 1024px\" \/><\/div><\/div><\/a><div class=\"post-item-body\"><div class=\"blogarea-post-category\">Investisseurs priv\u00e9s<span class=\"cat-comma\">, <\/span><\/div><p class=\"blogarea-post-title\">Votre rendement<\/p><div class=\"blogarea-post-content\">Que pouvez-vous obtenir avec un investissement professionnel ? Calculez votre rendement personnel. Voici comment cela fonctionne\u2032s.    <\/div><a href=\"https:\/\/pointcapital.ch\/fr\/votre-rendement\/\" class=\"post-link\"><img decoding=\"async\" src=\"https:\/\/pointcapital.ch\/wp-content\/themes\/salient-child\/img\/arrow-btn-red.svg\" \/> En savoir plus<\/a><\/div><\/div><\/div>[\/vc_column_inner][\/vc_row_inner][\/vc_column][\/vc_row]\n","protected":false},"excerpt":{"rendered":"<p>[vc_row type=\u00a0\u00bbin_container\u00a0\u00bb full_screen_row_position=\u00a0\u00bbmiddle\u00a0\u00bb column_margin=\u00a0\u00bbdefault\u00a0\u00bb column_direction=\u00a0\u00bbdefault\u00a0\u00bb column_direction_tablet=\u00a0\u00bbdefault\u00a0\u00bb column_direction_phone=\u00a0\u00bbdefault\u00a0\u00bb scene_position=\u00a0\u00bbcenter\u00a0\u00bb text_color=\u00a0\u00bbdark\u00a0\u00bb text_align=\u00a0\u00bbleft\u00a0\u00bb row_border_radius=\u00a0\u00bbnone\u00a0\u00bb row_border_radius_applies=\u00a0\u00bbbg\u00a0\u00bb overflow=\u00a0\u00bbvisible\u00a0\u00bb id=\u00a0\u00bbblog_scroll\u00a0\u00bb overlay_strength=\u00a0\u00bb0.3\u2033 gradient_direction=\u00a0\u00bbleft_to_right\u00a0\u00bb shape_divider_position=\u00a0\u00bbbottom\u00a0\u00bb bg_image_animation=\u00a0\u00bbnone\u00a0\u00bb shape_type=\u00a0\u00bb\u00a0\u00bb][vc_column column_padding=\u00a0\u00bbno-extra-padding\u00a0\u00bb column_padding_tablet=\u00a0\u00bbinherit\u00a0\u00bb column_padding_phone=\u00a0\u00bbinherit\u00a0\u00bb column_padding_position=\u00a0\u00bball\u00a0\u00bb column_element_direction_desktop=\u00a0\u00bbdefault\u00a0\u00bb column_element_spacing=\u00a0\u00bbdefault\u00a0\u00bb desktop_text_alignment=\u00a0\u00bbdefault\u00a0\u00bb tablet_text_alignment=\u00a0\u00bbdefault\u00a0\u00bb phone_text_alignment=\u00a0\u00bbdefault\u00a0\u00bb background_color_opacity=\u00a0\u00bb1\u2033 background_hover_color_opacity=\u00a0\u00bb1\u2033\u2026<\/p>\n","protected":false},"author":1,"featured_media":0,"parent":4877,"menu_order":0,"comment_status":"closed","ping_status":"closed","template":"","meta":{"_acf_changed":false,"inline_featured_image":false,"footnotes":"","_links_to":"","_links_to_target":""},"class_list":["post-4897","page","type-page","status-publish"],"acf":[],"_links":{"self":[{"href":"https:\/\/pointcapital.ch\/fr\/wp-json\/wp\/v2\/pages\/4897","targetHints":{"allow":["GET"]}}],"collection":[{"href":"https:\/\/pointcapital.ch\/fr\/wp-json\/wp\/v2\/pages"}],"about":[{"href":"https:\/\/pointcapital.ch\/fr\/wp-json\/wp\/v2\/types\/page"}],"author":[{"embeddable":true,"href":"https:\/\/pointcapital.ch\/fr\/wp-json\/wp\/v2\/users\/1"}],"replies":[{"embeddable":true,"href":"https:\/\/pointcapital.ch\/fr\/wp-json\/wp\/v2\/comments?post=4897"}],"version-history":[{"count":4,"href":"https:\/\/pointcapital.ch\/fr\/wp-json\/wp\/v2\/pages\/4897\/revisions"}],"predecessor-version":[{"id":8721,"href":"https:\/\/pointcapital.ch\/fr\/wp-json\/wp\/v2\/pages\/4897\/revisions\/8721"}],"up":[{"embeddable":true,"href":"https:\/\/pointcapital.ch\/fr\/wp-json\/wp\/v2\/pages\/4877"}],"wp:attachment":[{"href":"https:\/\/pointcapital.ch\/fr\/wp-json\/wp\/v2\/media?parent=4897"}],"curies":[{"name":"wp","href":"https:\/\/api.w.org\/{rel}","templated":true}]}}