{"id":4890,"date":"2021-03-09T09:29:32","date_gmt":"2021-03-09T08:29:32","guid":{"rendered":"https:\/\/pointcapital.ch\/investitori-privati\/assistenza\/"},"modified":"2025-11-26T13:27:09","modified_gmt":"2025-11-26T12:27:09","slug":"assistenza","status":"publish","type":"page","link":"https:\/\/pointcapital.ch\/it\/investitori-privati\/assistenza\/","title":{"rendered":"Assistenza"},"content":{"rendered":"[vc_row type='in_container' full_screen_row_position='middle' column_margin='default' column_direction='default' column_direction_tablet='default' column_direction_phone='default' scene_position='center' text_color='dark' text_align='left' row_border_radius='none' row_border_radius_applies='bg' overflow='visible' id='blog_scroll' overlay_strength='0.3\u2033 gradient_direction='left_to_right' shape_divider_position='bottom' bg_image_animation='none' shape_type=''][vc_column column_padding='no-extra-padding' column_padding_tablet='inherit' column_padding_phone='inherit' column_padding_position='all' column_element_direction_desktop='default' column_element_spacing='default' desktop_text_alignment='default' tablet_text_alignment='default' phone_text_alignment='default' background_color_opacity='1\u2033 background_hover_color_opacity='1\u2033 column_backdrop_filter='none' column_shadow='none' column_border_radius='none' column_link_target='_self' column_position='default' gradient_direction='left_to_right' overlay_strength='0.3\u2033 width='1\/1\u2033 tablet_width_inherit='default' animation_type='default' bg_image_animation='none' border_type='simple' column_border_width='none' column_border_style='solid'][divider line_type='No Line' custom_height='40px'][vc_column_text css='' el_class='title-page-stylings' text_direction='default']\n<h1 style=\"text-align: center;\">Assistenza<\/h1>\n<p style=\"text-align: center;\">Calcolo del rendimento, analisi del portafoglio e guide varie: qui troverai gli strumenti giusti e tutte le informazioni di cui hai bisogno per valutare le tue opportunit\u00e0 personali sul mercato azionario.<\/p>\n[\/vc_column_text][\/vc_column][\/vc_row][vc_row type='in_container' full_screen_row_position='middle' column_margin='default' column_direction='default' column_direction_tablet='default' column_direction_phone='default' scene_position='center' text_color='dark' text_align='left' row_border_radius='none' row_border_radius_applies='bg' overflow='visible' class='blogarea-row-wrapper' overlay_strength='0.3\u2033 gradient_direction='left_to_right' shape_divider_position='bottom' bg_image_animation='none' shape_type=''][vc_column column_padding='no-extra-padding' column_padding_tablet='inherit' column_padding_phone='inherit' column_padding_position='all' column_element_direction_desktop='default' column_element_spacing='default' desktop_text_alignment='default' tablet_text_alignment='default' phone_text_alignment='default' background_color_opacity='1\u2033 background_hover_color_opacity='1\u2033 column_backdrop_filter='none' column_shadow='none' column_border_radius='none' column_link_target='_self' column_position='default' gradient_direction='left_to_right' overlay_strength='0.3\u2033 width='1\/1\u2033 tablet_width_inherit='default' animation_type='default' bg_image_animation='none' border_type='simple' column_border_width='none' column_border_style='solid'][vc_row_inner column_margin='default' column_direction='default' column_direction_tablet='default' column_direction_phone='default' text_align='left' row_position='default' row_position_tablet='inherit' row_position_phone='inherit' overflow='visible' pointer_events='all'][vc_column_inner column_padding='no-extra-padding' column_padding_tablet='inherit' column_padding_phone='inherit' column_padding_position='all' column_element_direction_desktop='default' column_element_spacing='default' desktop_text_alignment='default' tablet_text_alignment='default' phone_text_alignment='default' background_color_opacity='1\u2033 background_hover_color_opacity='1\u2033 column_backdrop_filter='none' column_shadow='none' column_border_radius='none' column_link_target='_self' overflow='visible' gradient_direction='left_to_right' overlay_strength='0.3\u2033 width='1\/2\u2033 tablet_width_inherit='default' animation_type='default' bg_image_animation='none' border_type='simple' column_border_width='none' column_border_style='solid']<div class=\"vc_row-fluid blogarea-row\"><div class=\"blogarea-item post-item no-img\"><div class=\"post-item-body\"><div class=\"blogarea-post-category\">Investitori privati<span class=\"cat-comma\">, <\/span><\/div><p class=\"blogarea-post-title\">Analisi gratuita del portafoglio<\/p><div class=\"blogarea-post-content\">Ogni portafoglio azionario deve essere rivisto regolarmente e, se necessario, modificato. In questo modo si evitano gli errori degli investitori. Approfitta di un'analisi professionale del portafoglio (valore 400 CHF \/ 350 EUR) - gratuita per te.    <\/div><a href=\"https:\/\/pointcapital.ch\/it\/analisi-gratuita-del-portafoglio\/\" class=\"post-link\"><img decoding=\"async\" src=\"https:\/\/pointcapital.ch\/wp-content\/themes\/salient-child\/img\/arrow-btn-red.svg\" \/> Per saperne di pi\u00f9<\/a><\/div><\/div><\/div>[\/vc_column_inner][vc_column_inner column_padding='no-extra-padding' column_padding_tablet='inherit' column_padding_phone='inherit' column_padding_position='all' column_element_direction_desktop='default' column_element_spacing='default' desktop_text_alignment='default' tablet_text_alignment='default' phone_text_alignment='default' background_color_opacity='1\u2033 background_hover_color_opacity='1\u2033 column_backdrop_filter='none' column_shadow='none' column_border_radius='none' column_link_target='_self' overflow='visible' gradient_direction='left_to_right' overlay_strength='0.3\u2033 width='1\/2\u2033 tablet_width_inherit='default' animation_type='default' bg_image_animation='none' border_type='simple' column_border_width='none' column_border_style='solid']<div class=\"vc_row-fluid blogarea-row\"><div class=\"blogarea-item post-item has-image\"><a href=\"https:\/\/pointcapital.ch\/it\/gli-errori-piu-comuni-degli-investitori\/\"><div class=\"blogarea-img-wrapper\"><div class=\"blogarea-post-image\" ><img decoding=\"async\" width=\"612\" height=\"408\" src=\"https:\/\/pointcapital.ch\/wp-content\/uploads\/2021\/03\/istockphoto-1263543096-612x612-1.jpg\" class=\"attachment-large size-large wp-post-image\" alt=\"Anleger am PC erkennt seine Fehler\" srcset=\"https:\/\/pointcapital.ch\/wp-content\/uploads\/2021\/03\/istockphoto-1263543096-612x612-1.jpg 612w, https:\/\/pointcapital.ch\/wp-content\/uploads\/2021\/03\/istockphoto-1263543096-612x612-1-300x200.jpg 300w\" sizes=\"(max-width: 612px) 100vw, 612px\" \/><\/div><\/div><\/a><div class=\"post-item-body\"><div class=\"blogarea-post-category\">Strategia di investimento<span class=\"cat-comma\">, <\/span><\/div><p class=\"blogarea-post-title\">Gli errori pi\u00f9 comuni degli investitori<\/p><div class=\"blogarea-post-content\">Gli investitori commettono sempre i tipici errori. Questo pu\u00f2 costare caro. Ecco come evitare gli errori pi\u00f9 comuni nel mercato azionario.    <\/div><a href=\"https:\/\/pointcapital.ch\/it\/gli-errori-piu-comuni-degli-investitori\/\" class=\"post-link\"><img decoding=\"async\" src=\"https:\/\/pointcapital.ch\/wp-content\/themes\/salient-child\/img\/arrow-btn-red.svg\" \/> Per saperne di pi\u00f9<\/a><\/div><\/div><\/div>[\/vc_column_inner][\/vc_row_inner][vc_row_inner column_margin='default' column_direction='default' column_direction_tablet='default' column_direction_phone='default' text_align='left' row_position='default' row_position_tablet='inherit' row_position_phone='inherit' overflow='visible' pointer_events='all'][vc_column_inner column_padding='no-extra-padding' column_padding_tablet='inherit' column_padding_phone='inherit' column_padding_position='all' column_element_direction_desktop='default' column_element_spacing='default' desktop_text_alignment='default' tablet_text_alignment='default' phone_text_alignment='default' background_color_opacity='1\u2033 background_hover_color_opacity='1\u2033 column_backdrop_filter='none' column_shadow='none' column_border_radius='none' column_link_target='_self' overflow='visible' gradient_direction='left_to_right' overlay_strength='0.3\u2033 width='1\/1\u2033 tablet_width_inherit='default' animation_type='default' bg_image_animation='none' border_type='simple' column_border_width='none' column_border_style='solid']<div class=\"vc_row-fluid blogarea-row\"><div class=\"blogarea-item post-item no-img\"><div class=\"post-item-body\"><div class=\"blogarea-post-category\">Strategia di investimento<span class=\"cat-comma\">, <\/span><\/div><p class=\"blogarea-post-title\">Consulenza sugli investimenti - perch\u00e9 il tuo patrimonio \u00e8 in gioco<\/p><div class=\"blogarea-post-content\">Vuoi guadagnare di pi\u00f9 con i tuoi soldi e goderti appieno la vita? Con una gestione patrimoniale professionale, puoi ottenere... <\/div><a href=\"https:\/\/pointcapital.ch\/it\/consulenza-sugli-investimenti-perche-il-tuo-patrimonio-e-in-gioco\/\" class=\"post-link\"><img decoding=\"async\" src=\"https:\/\/pointcapital.ch\/wp-content\/themes\/salient-child\/img\/arrow-btn-red.svg\" \/> Per saperne di pi\u00f9<\/a><\/div><\/div><\/div>[\/vc_column_inner][\/vc_row_inner][vc_row_inner column_margin='default' column_direction='default' column_direction_tablet='default' column_direction_phone='default' text_align='left' row_position='default' row_position_tablet='inherit' row_position_phone='inherit' overflow='visible' pointer_events='all'][vc_column_inner column_padding='no-extra-padding' column_padding_tablet='inherit' column_padding_phone='inherit' column_padding_position='all' column_element_direction_desktop='default' column_element_spacing='default' desktop_text_alignment='default' tablet_text_alignment='default' phone_text_alignment='default' background_color_opacity='1\u2033 background_hover_color_opacity='1\u2033 column_backdrop_filter='none' column_shadow='none' column_border_radius='none' column_link_target='_self' overflow='visible' gradient_direction='left_to_right' overlay_strength='0.3\u2033 width='1\/2\u2033 tablet_width_inherit='default' animation_type='default' bg_image_animation='none' border_type='simple' column_border_width='none' column_border_style='solid']<div class=\"vc_row-fluid blogarea-row\"><div class=\"blogarea-item post-item no-img\"><div class=\"post-item-body\"><div class=\"blogarea-post-category\">Strategia di investimento<span class=\"cat-comma\">, <\/span><\/div><p class=\"blogarea-post-title\">I nostri servizi<\/p><div class=\"blogarea-post-content\">Ti diamo pi\u00f9 tempo per ci\u00f2 che \u00e8 importante per te. Ti copriamo le spalle, abbiamo una visione d\\'insieme e ci occupiamo ogni giorno di ottenere il miglior rendimento per te. Questa panoramica mostra cosa facciamo per i nostri clienti: sei passi per un investimento di successo.    <\/div><a href=\"https:\/\/pointcapital.ch\/it\/i-nostri-servizi\/\" class=\"post-link\"><img decoding=\"async\" src=\"https:\/\/pointcapital.ch\/wp-content\/themes\/salient-child\/img\/arrow-btn-red.svg\" \/> Per saperne di pi\u00f9<\/a><\/div><\/div><\/div>[\/vc_column_inner][vc_column_inner column_padding='no-extra-padding' column_padding_tablet='inherit' column_padding_phone='inherit' column_padding_position='all' column_element_direction_desktop='default' column_element_spacing='default' desktop_text_alignment='default' tablet_text_alignment='default' phone_text_alignment='default' background_color_opacity='1\u2033 background_hover_color_opacity='1\u2033 column_backdrop_filter='none' column_shadow='none' column_border_radius='none' column_link_target='_self' overflow='visible' gradient_direction='left_to_right' overlay_strength='0.3\u2033 width='1\/2\u2033 tablet_width_inherit='default' animation_type='default' bg_image_animation='none' border_type='simple' column_border_width='none' column_border_style='solid']<div class=\"vc_row-fluid blogarea-row\"><div class=\"blogarea-item post-item has-image\"><a href=\"https:\/\/pointcapital.ch\/it\/il-tuo-ritorno\/\"><div class=\"blogarea-img-wrapper\"><div class=\"blogarea-post-image\" ><img decoding=\"async\" width=\"1024\" height=\"533\" src=\"https:\/\/pointcapital.ch\/wp-content\/uploads\/2021\/03\/PCG_Artikel_Ihre_Rendite-1024x533.jpg\" class=\"attachment-large size-large wp-post-image\" alt=\"Bild einer Person mit einem Rechner bei sch\u00f6nem Sonnenlicht\" srcset=\"https:\/\/pointcapital.ch\/wp-content\/uploads\/2021\/03\/PCG_Artikel_Ihre_Rendite-1024x533.jpg 1024w, https:\/\/pointcapital.ch\/wp-content\/uploads\/2021\/03\/PCG_Artikel_Ihre_Rendite-300x156.jpg 300w, https:\/\/pointcapital.ch\/wp-content\/uploads\/2021\/03\/PCG_Artikel_Ihre_Rendite-768x400.jpg 768w, https:\/\/pointcapital.ch\/wp-content\/uploads\/2021\/03\/PCG_Artikel_Ihre_Rendite-1536x800.jpg 1536w, https:\/\/pointcapital.ch\/wp-content\/uploads\/2021\/03\/PCG_Artikel_Ihre_Rendite.jpg 1920w\" sizes=\"(max-width: 1024px) 100vw, 1024px\" \/><\/div><\/div><\/a><div class=\"post-item-body\"><div class=\"blogarea-post-category\">Investitori privati<span class=\"cat-comma\">, <\/span><\/div><p class=\"blogarea-post-title\">Il tuo ritorno<\/p><div class=\"blogarea-post-content\">Cosa puoi ottenere con un investimento professionale? Calcola il tuo rendimento personale. Ecco come funziona.    <\/div><a href=\"https:\/\/pointcapital.ch\/it\/il-tuo-ritorno\/\" class=\"post-link\"><img decoding=\"async\" src=\"https:\/\/pointcapital.ch\/wp-content\/themes\/salient-child\/img\/arrow-btn-red.svg\" \/> Per saperne di pi\u00f9<\/a><\/div><\/div><\/div>[\/vc_column_inner][\/vc_row_inner][\/vc_column][\/vc_row]\n","protected":false},"excerpt":{"rendered":"<p>[vc_row type='in_container' full_screen_row_position='middle' column_margin='default' column_direction='default' column_direction_tablet='default' column_direction_phone='default' scene_position='center' text_color='dark' text_align='left' row_border_radius='none' row_border_radius_applies='bg' overflow='visible' id='blog_scroll' overlay_strength='0.3\u2033 gradient_direction='left_to_right' shape_divider_position='bottom' bg_image_animation='none' shape_type='][vc_column column_padding='no-extra-padding' column_padding_tablet='inherit' column_padding_phone='inherit' column_padding_position='all' column_element_direction_desktop='default' column_element_spacing='default' desktop_text_alignment='default' tablet_text_alignment='default' phone_text_alignment='default' background_color_opacity='1\u2033 background_hover_color_opacity='1\u2033\u2026<\/p>\n","protected":false},"author":1,"featured_media":0,"parent":4853,"menu_order":0,"comment_status":"closed","ping_status":"closed","template":"","meta":{"_acf_changed":false,"inline_featured_image":false,"footnotes":"","_links_to":"","_links_to_target":""},"class_list":["post-4890","page","type-page","status-publish"],"acf":[],"_links":{"self":[{"href":"https:\/\/pointcapital.ch\/it\/wp-json\/wp\/v2\/pages\/4890","targetHints":{"allow":["GET"]}}],"collection":[{"href":"https:\/\/pointcapital.ch\/it\/wp-json\/wp\/v2\/pages"}],"about":[{"href":"https:\/\/pointcapital.ch\/it\/wp-json\/wp\/v2\/types\/page"}],"author":[{"embeddable":true,"href":"https:\/\/pointcapital.ch\/it\/wp-json\/wp\/v2\/users\/1"}],"replies":[{"embeddable":true,"href":"https:\/\/pointcapital.ch\/it\/wp-json\/wp\/v2\/comments?post=4890"}],"version-history":[{"count":4,"href":"https:\/\/pointcapital.ch\/it\/wp-json\/wp\/v2\/pages\/4890\/revisions"}],"predecessor-version":[{"id":8739,"href":"https:\/\/pointcapital.ch\/it\/wp-json\/wp\/v2\/pages\/4890\/revisions\/8739"}],"up":[{"embeddable":true,"href":"https:\/\/pointcapital.ch\/it\/wp-json\/wp\/v2\/pages\/4853"}],"wp:attachment":[{"href":"https:\/\/pointcapital.ch\/it\/wp-json\/wp\/v2\/media?parent=4890"}],"curies":[{"name":"wp","href":"https:\/\/api.w.org\/{rel}","templated":true}]}}