{"id":4903,"date":"2020-11-17T10:15:23","date_gmt":"2020-11-17T09:15:23","guid":{"rendered":"https:\/\/pointcapital.ch\/chi-siamo\/"},"modified":"2025-11-26T15:19:16","modified_gmt":"2025-11-26T14:19:16","slug":"chi-siamo","status":"publish","type":"page","link":"https:\/\/pointcapital.ch\/it\/chi-siamo\/","title":{"rendered":"Chi siamo"},"content":{"rendered":"[vc_row type='in_container' full_screen_row_position='middle' column_margin='default' column_direction='default' column_direction_tablet='default' column_direction_phone='default' scene_position='center' top_padding='80\u2033 bottom_padding='80\u2033 top_padding_tablet='0\u2033 text_color='dark' text_align='left' row_border_radius='none' row_border_radius_applies='bg' overflow='visible' class='top-banner-hero' overlay_strength='0.3\u2033 gradient_direction='left_to_right' shape_divider_position='bottom' bg_image_animation='none' shape_type=''][vc_column column_padding='no-extra-padding' column_padding_tablet='inherit' column_padding_phone='inherit' column_padding_position='all' column_element_direction_desktop='default' column_element_spacing='default' desktop_text_alignment='default' tablet_text_alignment='default' phone_text_alignment='default' background_color_opacity='1\u2033 background_hover_color_opacity='1\u2033 column_backdrop_filter='none' column_shadow='none' column_border_radius='none' column_link_target='_self' column_position='default' gradient_direction='left_to_right' overlay_strength='0.3\u2033 width='1\/1\u2033 tablet_width_inherit='default' animation_type='default' bg_image_animation='none' border_type='simple' column_border_width='none' column_border_style='solid'][vc_row_inner column_margin='default' column_direction='default' column_direction_tablet='default' column_direction_phone='default' text_align='left' row_position='default' row_position_tablet='inherit' row_position_phone='inherit' overflow='visible' pointer_events='all' class='main-section'][vc_column_inner column_padding='no-extra-padding' column_padding_tablet='inherit' column_padding_phone='inherit' column_padding_position='all' column_element_direction_desktop='default' column_element_spacing='default' desktop_text_alignment='default' tablet_text_alignment='default' phone_text_alignment='default' background_color_opacity='1\u2033 background_hover_color_opacity='1\u2033 column_backdrop_filter='none' column_shadow='none' column_border_radius='none' column_link_target='_self' overflow='visible' gradient_direction='left_to_right' overlay_strength='0.3\u2033 width='1\/3\u2033 tablet_width_inherit='default' animation_type='default' bg_image_animation='none' border_type='simple' column_border_width='none' column_border_style='solid'][vc_raw_js]JTNDc2NyaXB0JTIwc3JjJTNEJTIyaHR0cHMlM0ElMkYlMkZ1bnBrZy5jb20lMkYlNDBsb3R0aWVmaWxlcyUyRmxvdHRpZS1wbGF5ZXIlNDBsYXRlc3QlMkZkaXN0JTJGbG90dGllLXBsYXllci5qcyUyMiUzRSUzQyUyRnNjcmlwdCUzRSUzQ2xvdHRpZS1wbGF5ZXIlMjBzcmMlM0QlMjIlMkZ3cC1jb250ZW50JTJGanNvbiUyRjA2X3BjZ18lQzMlQkNiZXJ1bnMuanNvbiUyMiUyMGJhY2tncm91bmQlM0QlMjJ0cmFuc3BhcmVudCUyMiUyMHNwZWVkJTNEJTIyMSUyMiUyMHN0eWxlJTNEJTIyd2lkdGglM0ElMjAzNTBweCUzQiUyMGhlaWdodCUzQSUyMDM1MHB4JTNCJTIyJTIwYXV0b3BsYXklM0UlM0MlMkZsb3R0aWUtcGxheWVyJTNF[\/vc_raw_js][\/vc_column_inner][vc_column_inner column_padding='no-extra-padding' column_padding_tablet='inherit' column_padding_phone='inherit' column_padding_position='all' column_element_direction_desktop='default' column_element_spacing='default' desktop_text_alignment='default' tablet_text_alignment='default' phone_text_alignment='default' background_color_opacity='1\u2033 background_hover_color_opacity='1\u2033 column_backdrop_filter='none' column_shadow='none' column_border_radius='none' column_link_target='_self' overflow='visible' gradient_direction='left_to_right' overlay_strength='0.3\u2033 width='2\/3\u2033 tablet_width_inherit='default' animation_type='default' bg_image_animation='none' border_type='simple' column_border_width='none' column_border_style='solid'][vc_column_text]\n<h1>Ci prendiamo cura del tuo denaro come se fosse il nostro.<\/h1>\n<h2 style=\"color: #b7182e;\">Questo perch\u00e9 siamo co-investiti con gran parte del nostro patrimonio familiare.<\/h2>\n[\/vc_column_text][\/vc_column_inner][\/vc_row_inner][vc_row_inner column_margin='default' column_direction='default' column_direction_tablet='default' column_direction_phone='default' text_align='center' row_position='default' row_position_tablet='inherit' row_position_phone='inherit' overflow='visible' pointer_events='all' css='.vc_custom_1604930666293{margin-top: 70px !important;}'][vc_column_inner column_padding='no-extra-padding' column_padding_tablet='inherit' column_padding_phone='inherit' column_padding_position='all' column_element_direction_desktop='default' column_element_spacing='default' desktop_text_alignment='default' tablet_text_alignment='default' phone_text_alignment='default' background_color_opacity='1\u2033 background_hover_color_opacity='1\u2033 column_backdrop_filter='none' column_shadow='none' column_border_radius='none' column_link_target='_self' overflow='visible' gradient_direction='left_to_right' overlay_strength='0.3\u2033 width='1\/1\u2033 tablet_width_inherit='default' animation_type='default' bg_image_animation='none' border_type='simple' column_border_width='none' column_border_style='solid'][vc_column_text]\n<p style=\"text-align: center;\">Point Capital Group \u2013 Il tuo patrimonio in buone mani<\/p>\n[\/vc_column_text][image_with_animation image_url='325\u2033 image_size='full' max_width='100{ff4a8e304af03f228700a3dbd06de1cae4a374f33f5020b79c08e757c6f95b38}' animation_type='entrance' animation='Fade In' animation_easing='default' animation_movement_type='transform_y' hover_animation='none' alignment='center' border_radius='none' box_shadow='none' image_loading='default' img_link='#next'][\/vc_column_inner][\/vc_row_inner][\/vc_column][\/vc_row][vc_row type='in_container' full_screen_row_position='middle' column_margin='default' column_direction='default' column_direction_tablet='default' column_direction_phone='default' scene_position='center' text_color='dark' text_align='left' row_border_radius='none' row_border_radius_applies='bg' overflow='visible' id='next' overlay_strength='0.3\u2033 gradient_direction='left_to_right' shape_divider_position='bottom' bg_image_animation='none' shape_type=''][vc_column column_padding='no-extra-padding' column_padding_tablet='inherit' column_padding_phone='inherit' column_padding_position='all' column_element_direction_desktop='default' column_element_spacing='default' desktop_text_alignment='default' tablet_text_alignment='default' phone_text_alignment='default' background_color_opacity='1\u2033 background_hover_color_opacity='1\u2033 column_backdrop_filter='none' column_shadow='none' column_border_radius='none' column_link_target='_self' column_position='default' gradient_direction='left_to_right' overlay_strength='0.3\u2033 width='1\/1\u2033 tablet_width_inherit='default' animation_type='default' bg_image_animation='none' border_type='simple' column_border_width='none' column_border_style='solid'][vc_column_text el_class='title-page-stylings']\n<h2 style=\"text-align: center;\">Chi siamo<\/h2>\n<p>\u00a0<\/p>\n<p style=\"text-align: center;\">Point Capital \u00e8 una societ\u00e0 di gestione patrimoniale indipendente con sede in Svizzera. Investiamo principalmente in azioni di societ\u00e0 innovative e di qualit\u00e0 e gestiamo attivamente il patrimonio dei nostri clienti.<\/p>\n<p style=\"text-align: center;\">La nostra strategia di investimento ti offre una doppia sicurezza: perch\u00e9 siamo co-investitori e perch\u00e9 abbiamo sviluppato un nostro modello di copertura del rischio. La nostra strategia ha un'esperienza comprovata e fa parte della storia della nostra fondazione per una buona ragione.<\/p>\n[\/vc_column_text][divider line_type='No Line' custom_height='40px'][vc_row_inner column_margin='default' column_direction='default' column_direction_tablet='default' column_direction_phone='default' text_align='left' row_position='default' row_position_tablet='inherit' row_position_phone='inherit' overflow='visible' pointer_events='all'][vc_column_inner column_padding='no-extra-padding' column_padding_tablet='inherit' column_padding_phone='inherit' column_padding_position='all' column_element_direction_desktop='default' column_element_spacing='default' desktop_text_alignment='default' tablet_text_alignment='default' phone_text_alignment='default' background_color_opacity='1\u2033 background_hover_color_opacity='1\u2033 column_backdrop_filter='none' column_shadow='none' column_border_radius='none' column_link_target='_self' overflow='visible' gradient_direction='left_to_right' overlay_strength='0.3\u2033 width='1\/2\u2033 tablet_width_inherit='default' animation_type='default' bg_image_animation='none' border_type='simple' column_border_width='none' column_border_style='solid'][nectar_flip_box bg_color='#3f4b6f' text_color='dark' icon_color='accent-color' bg_color_2='#ffffff' text_color_2='dark' h_text_align='left' v_text_align='center' image_loading='default' flip_direction='horizontal-to-left' front_content='Perch\u00e9<br \/>\nPoint Capital?']\n<h2>Perch\u00e9 Point Capital?<\/h2>\n<p>Non ti senti a tuo agio con il mercato azionario? La paura \u00e8 sempre una cattiva consigliera. Invece, ci affidiamo alla conoscenza e a una strategia di investimento basata su regole.<\/p>\n<p><a href=\"https:\/\/pointcapital.ch\/it\/perche-point-capital\/\" rel=\"\">Leggi tutto<\/a>[\/nectar_flip_box][\/vc_column_inner][vc_column_inner column_padding='no-extra-padding' column_padding_tablet='inherit' column_padding_phone='inherit' column_padding_position='all' column_element_direction_desktop='default' column_element_spacing='default' desktop_text_alignment='default' tablet_text_alignment='default' phone_text_alignment='default' background_color_opacity='1\u2033 background_hover_color_opacity='1\u2033 column_backdrop_filter='none' column_shadow='none' column_border_radius='none' column_link_target='_self' overflow='visible' gradient_direction='left_to_right' overlay_strength='0.3\u2033 width='1\/2\u2033 tablet_width_inherit='default' animation_type='default' bg_image_animation='none' border_type='simple' column_border_width='none' column_border_style='solid'][nectar_flip_box bg_color='#3f4b6f' text_color='dark' icon_color='accent-color' bg_color_2='#ffffff' text_color_2='dark' h_text_align='left' v_text_align='center' image_loading='default' flip_direction='horizontal-to-left' front_content='La nostra storia']\n<h2>La nostra storia<\/h2>\n<p>Non si pu\u00f2 mai essere soddisfatti\u2026<\/p>\n<p><a href=\"https:\/\/pointcapital.ch\/it\/la-nostra-storia\/\" rel=\"\">Leggi tutto<\/a>[\/nectar_flip_box][\/vc_column_inner][\/vc_row_inner][vc_row_inner column_margin='default' column_direction='default' column_direction_tablet='default' column_direction_phone='default' text_align='left' row_position='default' row_position_tablet='inherit' row_position_phone='inherit' overflow='visible' pointer_events='all'][vc_column_inner column_padding='no-extra-padding' column_padding_tablet='inherit' column_padding_phone='inherit' column_padding_position='all' column_element_direction_desktop='default' column_element_spacing='default' desktop_text_alignment='default' tablet_text_alignment='default' phone_text_alignment='default' background_color_opacity='1\u2033 background_hover_color_opacity='1\u2033 column_backdrop_filter='none' column_shadow='none' column_border_radius='none' column_link_target='_self' overflow='visible' gradient_direction='left_to_right' overlay_strength='0.3\u2033 width='1\/2\u2033 tablet_width_inherit='default' animation_type='default' bg_image_animation='none' border_type='simple' column_border_width='none' column_border_style='solid'][nectar_flip_box bg_color='#3f4b6f' text_color='dark' icon_color='accent-color' bg_color_2='#ffffff' text_color_2='dark' h_text_align='left' v_text_align='center' image_loading='default' flip_direction='horizontal-to-left' front_content='Squadra']\n<h2>Squadra<\/h2>\n<p>Sfrutta l'esperienza di specialisti altamente qualificati che dedicano tempo a te.<\/p>\n<p><a href=\"https:\/\/pointcapital.ch\/it\/squadra\/\" rel=\"\">Leggi tutto<\/a>[\/nectar_flip_box][\/vc_column_inner][vc_column_inner column_padding='no-extra-padding' column_padding_tablet='inherit' column_padding_phone='inherit' column_padding_position='all' column_element_direction_desktop='default' column_element_spacing='default' desktop_text_alignment='default' tablet_text_alignment='default' phone_text_alignment='default' background_color_opacity='1\u2033 background_hover_color_opacity='1\u2033 column_backdrop_filter='none' column_shadow='none' column_border_radius='none' column_link_target='_self' overflow='visible' gradient_direction='left_to_right' overlay_strength='0.3\u2033 width='1\/2\u2033 tablet_width_inherit='default' animation_type='default' bg_image_animation='none' border_type='simple' column_border_width='none' column_border_style='solid'][nectar_flip_box bg_color='#3f4b6f' text_color='dark' icon_color='accent-color' bg_color_2='#ffffff' text_color_2='dark' h_text_align='left' v_text_align='center' image_loading='default' flip_direction='horizontal-to-left' front_content='Fatti e cifre']\n<h2>Fatti e cifre<\/h2>\n<p>Approfitta di decenni di esperienza nel mercato azionario e delle nostre collaborazioni di prima classe.<\/p>\n<p><a href=\"https:\/\/pointcapital.ch\/it\/fatti-e-cifre\/\" rel=\"\">Leggi tutto<\/a>[\/nectar_flip_box][\/vc_column_inner][\/vc_row_inner][divider line_type='No Line' custom_height='50px'][\/vc_column][\/vc_row]\n","protected":false},"excerpt":{"rendered":"<p>[vc_row type='in_container' full_screen_row_position='middle' column_margin='default' column_direction='default' column_direction_tablet='default' column_direction_phone='default' scene_position='center' top_padding='80\u2033 bottom_padding='80\u2033 top_padding_tablet='0\u2033 text_color='dark' text_align='left' row_border_radius='none' row_border_radius_applies='bg' overflow='visible' class='top-banner-hero' overlay_strength='0.3\u2033 gradient_direction='left_to_right' shape_divider_position='bottom' bg_image_animation='none' shape_type='][vc_column column_padding='no-extra-padding' column_padding_tablet='inherit' column_padding_phone='inherit' column_padding_position='all' column_element_direction_desktop='default' column_element_spacing='default' desktop_text_alignment='default' tablet_text_alignment='default'\u2026<\/p>\n","protected":false},"author":1,"featured_media":0,"parent":0,"menu_order":0,"comment_status":"closed","ping_status":"closed","template":"","meta":{"_acf_changed":false,"inline_featured_image":false,"footnotes":"","_links_to":"","_links_to_target":""},"class_list":["post-4903","page","type-page","status-publish"],"acf":[],"_links":{"self":[{"href":"https:\/\/pointcapital.ch\/it\/wp-json\/wp\/v2\/pages\/4903","targetHints":{"allow":["GET"]}}],"collection":[{"href":"https:\/\/pointcapital.ch\/it\/wp-json\/wp\/v2\/pages"}],"about":[{"href":"https:\/\/pointcapital.ch\/it\/wp-json\/wp\/v2\/types\/page"}],"author":[{"embeddable":true,"href":"https:\/\/pointcapital.ch\/it\/wp-json\/wp\/v2\/users\/1"}],"replies":[{"embeddable":true,"href":"https:\/\/pointcapital.ch\/it\/wp-json\/wp\/v2\/comments?post=4903"}],"version-history":[{"count":3,"href":"https:\/\/pointcapital.ch\/it\/wp-json\/wp\/v2\/pages\/4903\/revisions"}],"predecessor-version":[{"id":8799,"href":"https:\/\/pointcapital.ch\/it\/wp-json\/wp\/v2\/pages\/4903\/revisions\/8799"}],"wp:attachment":[{"href":"https:\/\/pointcapital.ch\/it\/wp-json\/wp\/v2\/media?parent=4903"}],"curies":[{"name":"wp","href":"https:\/\/api.w.org\/{rel}","templated":true}]}}