{"id":4995,"date":"2021-04-08T12:57:54","date_gmt":"2021-04-08T10:57:54","guid":{"rendered":"https:\/\/pointcapital.ch\/informazioni-legali\/"},"modified":"2025-11-18T16:24:35","modified_gmt":"2025-11-18T15:24:35","slug":"informazioni-legali","status":"publish","type":"page","link":"https:\/\/pointcapital.ch\/it\/informazioni-legali\/","title":{"rendered":"Informazioni legali"},"content":{"rendered":"[vc_row type='in_container' full_screen_row_position='middle' column_margin='default' column_direction='default' column_direction_tablet='default' column_direction_phone='default' scene_position='center' text_color='dark' text_align='left' row_border_radius='none' row_border_radius_applies='bg' overflow='visible' overlay_strength='0.3\u2033 gradient_direction='left_to_right' shape_divider_position='bottom' bg_image_animation='none'][vc_column column_padding='no-extra-padding' column_padding_tablet='inherit' column_padding_phone='inherit' column_padding_position='all' column_element_direction_desktop='default' column_element_spacing='default' desktop_text_alignment='default' tablet_text_alignment='default' phone_text_alignment='default' background_color_opacity='1\u2033 background_hover_color_opacity='1\u2033 column_backdrop_filter='none' column_shadow='none' column_border_radius='none' column_link_target='_self' column_position='default' gradient_direction='left_to_right' overlay_strength='0.3\u2033 width='1\/1\u2033 tablet_width_inherit='default' animation_type='default' bg_image_animation='none' border_type='simple' column_border_width='none' column_border_style='solid'][vc_column_text css='' text_direction='default']\n<div class=\"wpb_text_column wpb_content_element h2-title\">\n<div class=\"wpb_wrapper\">\n<h1>Informazioni legali<\/h1>\n<\/div>\n<\/div>\n<div class=\"vc_empty_space\"><\/div>\n<div class=\"wpb_text_column wpb_content_element \">\n<div class=\"wpb_wrapper\">\n<h4>Disclaimer: Pubblicit\u00e0<\/h4>\n<p>Il presente documento\/articolo \u00e8 stato redatto esclusivamente a scopo informativo e pubblicitario e non costituisce un invito, un'offerta o una raccomandazione ad acquistare o vendere strumenti d'investimento o ad effettuare altre transazioni.<\/p>\n<\/div>\n<\/div>\n<div class=\"vc_empty_space\"><\/div>\n<div>\n<h4>Foglio informativo per i clienti FIDLEG<br \/>\n<em><strong><span style=\"color: #a82734;\"><a href=\"https:\/\/pointcapital.ch\/wp-content\/uploads\/2025\/04\/FIDLEG-Kundeninformationsblatt_2025v1.pdf\" target=\"_blank\" rel=\"noopener\">Visualizza qui<\/a><\/span><\/strong><\/em><\/h4>\n<\/div>\n<h4>Informazioni per i clienti sulla protezione dei dati<br \/>\n<span style=\"color: #000080;\"><em><a style=\"color: #000080;\" href=\"https:\/\/pointcapital.ch\/wp-content\/uploads\/2023\/07\/Kundeninformationen_Datenschutz_PCG.pdf\" target=\"_blank\" rel=\"noopener\">Visualizza qui<\/a><\/em><\/span><\/h4>\n<p>\u00a0<\/p>\n<div class=\"wpb_text_column wpb_content_element \">\n<div class=\"wpb_wrapper\">\n<h4>Consenso \/ Condizioni d'uso \/ Disclaimer<\/h4>\n<p>Accettando e accedendo a tutte le aree del sito web contenenti informazioni e opinioni sui mercati e sui prodotti finanziari, dichiari di aver letto e compreso le seguenti importanti informazioni legali e di accettare espressamente l'effetto legalmente vincolante dei termini di utilizzo qui riportati. Le presenti condizioni d'uso e tutte le informazioni e i materiali presenti sul sito web di Point Capital Group AG sono soggetti a modifiche senza preavviso. <\/p>\n<p>\u00a0<\/p>\n<h4>Restrizioni legali locali<\/h4>\n<p>Tutte le informazioni contenute nel sito web di Point Capital Group AG sono rivolte esclusivamente agli investitori domiciliati o residenti in Svizzera. Non sono espressamente rivolte a persone fisiche o giuridiche soggette alle leggi di un paese che vieta la distribuzione o l'utilizzo delle informazioni presenti sul sito web di Point Capital Group AG. Si consiglia di richiedere una consulenza indipendente sui principi legali applicabili nel paese in questione per quanto riguarda eventuali restrizioni alla vendita.  <\/p>\n<p>\u00a0<\/p>\n<h4>Nessuna offerta \/ nessuna consulenza<\/h4>\n<p>Le informazioni contenute nel sito web di Point Capital Group AG non costituiscono n\u00e9 un'offerta n\u00e9 una raccomandazione all'acquisto o alla vendita di fondi d'investimento o altri prodotti finanziari. Le informazioni sono soggette a modifiche in qualsiasi momento. Non si pu\u00f2 escludere che i programmi di gestione patrimoniale descritti non siano adatti a te. Le informazioni pubblicate sul sito web di Point Capital Group AG non costituiscono una consulenza legale, fiscale, finanziaria o di gestione patrimoniale e non sostituiscono in alcun modo la consulenza personale di uno specialista.   <\/p>\n<p>\u00a0<\/p>\n<h4>Campi di input<\/h4>\n<p>I campi di immissione contenuti nel sito web di Point Capital Group AG non sono destinati all'invio di ordini (acquisto\/vendita di strumenti di investimento) a Point Capital Group AG. Gli ordini effettuati in questo modo non saranno eseguiti da Point Capital Group AG. Non verr\u00e0 inviato alcun feedback ai mittenti.  <\/p>\n<p>\u00a0<\/p>\n<h4>Partner di vendita<\/h4>\n<p>Il partner commerciale e i suoi dipendenti sono indipendenti da Point Capital Group AG. Point Capital Group AG non si assume alcuna responsabilit\u00e0. <\/p>\n<p>\u00a0<\/p>\n<h4>Nessuna garanzia<\/h4>\n<p>Point Capital Group AG non pu\u00f2 fornire alcuna assicurazione o garanzia esplicita o implicita in merito all'accuratezza, all'affidabilit\u00e0, alla completezza o all'aggiornamento delle informazioni presenti sul sito web di Point Capital Group AG. Tutti i rapporti pubblicati sul sito web di Point Capital Group AG hanno uno scopo puramente informativo. Non devono essere considerati come pubblicit\u00e0 o offerta di acquisto o vendita di titoli o strumenti finanziari correlati. Tutte le informazioni sui prezzi non sono vincolanti. Le informazioni, i documenti, le prestazioni (di servizi) ecc. qui offerti non esonerano l'utente dalla necessit\u00e0 di prendere le proprie decisioni. Le opinioni espresse sono soggette a modifiche senza preavviso. Point Capital Group AG non ha l'obbligo di aggiornare le informazioni contenute nel presente documento o di mantenerle aggiornate.      <\/p>\n<p>Point Capital Group AG non si assume alcuna responsabilit\u00e0 e non garantisce che le funzioni del sito web o il rispettivo server siano privi di virus, errori o componenti dannosi.<\/p>\n<p>Il sito web di Point Capital Group AG pu\u00f2 contenere contenuti di terzi o link a siti web di terzi. Tali contenuti e link sono forniti esclusivamente per comodit\u00e0 e informazione dell'utente. Point Capital Group AG non ha alcun controllo sui contenuti o sui siti web di terzi, pertanto non si assume alcuna responsabilit\u00e0 per l'accuratezza, la completezza e la legalit\u00e0 dei contenuti di tali siti web o per le offerte e i servizi in essi contenuti. La creazione di link a queste pagine o ad altri siti web \u00e8 a rischio e pericolo dell'utente.   <\/p>\n<p>\u00a0<\/p>\n<h4>Nessuna responsabilit\u00e0<\/h4>\n<p>Nella misura massima consentita dalla legge, n\u00e9 Point Capital Group AG n\u00e9 alcuno dei suoi direttori, dipendenti o agenti sar\u00e0 responsabile in alcun modo per qualsiasi perdita diretta o indiretta, responsabilit\u00e0, costi, reclami, spese o danni di qualsiasi tipo, sia per contratto, che per illecito o altro, derivanti da o in connessione con l'uso o l'accesso a questo sito web. Ci\u00f2 include anche la responsabilit\u00e0 dovuta a negligenza e si applica anche se Point Capital Group AG \u00e8 stata informata della possibilit\u00e0 di tali conseguenze. <\/p>\n<p>Inoltre, Point Capital Group AG declina ogni responsabilit\u00e0 per la manipolazione del sistema informatico dell'utente Internet da parte di terzi.<\/p>\n<p>\u00a0<\/p>\n<h4>Nessuna sicurezza per la trasmissione dei dati<\/h4>\n<p>Quando visiti il sito web di Point Capital Group AG, i tuoi dati vengono trasmessi attraverso una rete aperta e accessibile a tutti. I dati possono quindi essere trasmessi oltre confine, anche se tu e Point Capital Group AG vi trovate in Svizzera. Ci\u00f2 comporta in particolare i seguenti rischi: I dati possono essere visualizzati, intercettati o modificati da terzi o possono andare persi. Ci\u00f2 potrebbe consentire a terzi di trarre conclusioni su qualsiasi rapporto commerciale esistente o futuro tra te e Point Capital Group AG.   <\/p>\n<p>Point Capital Group AG non sar\u00e0 responsabile nei confronti dell'utente o di chiunque altro per eventuali danni derivanti da messaggi inviati a Point Capital Group AG tramite e-mail ordinaria o qualsiasi altro sistema di messaggistica elettronica.<\/p>\n<p>\u00a0<\/p>\n<h4>Diritto della propriet\u00e0 intellettuale<\/h4>\n<p>L'intero contenuto del sito web di Point Capital Group AG \u00e8 protetto da copyright. \u00c8 consentito salvare o stampare singole pagine e\/o sezioni del sito web di Point Capital Group AG, a condizione che non vengano rimossi gli avvisi di copyright o altre indicazioni protette dalla legge. Il download o la stampa di elementi del sito web non trasferisce alcun diritto di propriet\u00e0 intellettuale. Le pubblicazioni o gli elementi del sito web possono essere riprodotti in tutto o in parte (in qualsiasi forma, sia elettronica che cartacea), a condizione che la fonte sia pienamente riconosciuta.   <\/p>\n<p>\u00a0<\/p>\n<h4>Nessuna brochure<\/h4>\n<p>Questo sito web non costituisce un prospetto ai sensi della legge svizzera sulle societ\u00e0 o sul mercato dei capitali.<\/p>\n<p>\u00a0<\/p>\n<h4>Legge applicabile e foro competente<\/h4>\n<p>Qualsiasi rapporto giuridico tra l'utente di questo sito web e Point Capital Group AG \u00e8 soggetto alla legge svizzera. Il foro competente \u00e8 Zug (Svizzera). <\/p>\n<\/div>\n<\/div>\n[\/vc_column_text][\/vc_column][\/vc_row]\n","protected":false},"excerpt":{"rendered":"<p>[vc_row type='in_container' full_screen_row_position='middle' column_margin='default' column_direction='default' column_direction_tablet='default' column_direction_phone='default' scene_position='center' text_color='dark' text_align='left' row_border_radius='none' row_border_radius_applies='bg' overflow='visible' overlay_strength='0.3\u2033 gradient_direction='left_to_right' shape_divider_position='bottom' bg_image_animation='none'][vc_column column_padding='no-extra-padding' column_padding_tablet='inherit' column_padding_phone='inherit' column_padding_position='all' column_element_direction_desktop='default' column_element_spacing='default' desktop_text_alignment='default' tablet_text_alignment='default' phone_text_alignment='default' background_color_opacity='1\u2033 background_hover_color_opacity='1\u2033 column_backdrop_filter='none' column_shadow='none'\u2026<\/p>\n","protected":false},"author":1,"featured_media":0,"parent":0,"menu_order":0,"comment_status":"closed","ping_status":"closed","template":"","meta":{"_acf_changed":false,"inline_featured_image":false,"footnotes":"","_links_to":"","_links_to_target":""},"class_list":["post-4995","page","type-page","status-publish"],"acf":[],"_links":{"self":[{"href":"https:\/\/pointcapital.ch\/it\/wp-json\/wp\/v2\/pages\/4995","targetHints":{"allow":["GET"]}}],"collection":[{"href":"https:\/\/pointcapital.ch\/it\/wp-json\/wp\/v2\/pages"}],"about":[{"href":"https:\/\/pointcapital.ch\/it\/wp-json\/wp\/v2\/types\/page"}],"author":[{"embeddable":true,"href":"https:\/\/pointcapital.ch\/it\/wp-json\/wp\/v2\/users\/1"}],"replies":[{"embeddable":true,"href":"https:\/\/pointcapital.ch\/it\/wp-json\/wp\/v2\/comments?post=4995"}],"version-history":[{"count":11,"href":"https:\/\/pointcapital.ch\/it\/wp-json\/wp\/v2\/pages\/4995\/revisions"}],"predecessor-version":[{"id":5048,"href":"https:\/\/pointcapital.ch\/it\/wp-json\/wp\/v2\/pages\/4995\/revisions\/5048"}],"wp:attachment":[{"href":"https:\/\/pointcapital.ch\/it\/wp-json\/wp\/v2\/media?parent=4995"}],"curies":[{"name":"wp","href":"https:\/\/api.w.org\/{rel}","templated":true}]}}